{"id":9,"date":"2020-07-03T12:28:28","date_gmt":"2020-07-03T10:28:28","guid":{"rendered":"http:\/\/pkg.tvorcza-test.pl\/?page_id=9"},"modified":"2023-06-01T19:05:55","modified_gmt":"2023-06-01T17:05:55","slug":"o-nas","status":"publish","type":"page","link":"https:\/\/www.pkgsa.pl\/","title":{"rendered":"O nas"},"content":{"rendered":"\t\t<div data-elementor-type=\"wp-page\" data-elementor-id=\"9\" class=\"elementor elementor-9\">\n\t\t\t\t\t\t<section class=\"elementor-section elementor-top-section elementor-element elementor-element-4397d65 col-75-width left-border-div  elementor-section-boxed elementor-section-height-default elementor-section-height-default\" data-id=\"4397d65\" data-element_type=\"section\">\n\t\t\t\t\t\t<div class=\"elementor-container elementor-column-gap-default\">\n\t\t\t\t\t<div class=\"elementor-column elementor-col-100 elementor-top-column elementor-element elementor-element-8977925\" data-id=\"8977925\" data-element_type=\"column\">\n\t\t\t<div class=\"elementor-widget-wrap elementor-element-populated\">\n\t\t\t\t\t\t<div class=\"elementor-element elementor-element-0ff97c2 txt-mid elementor-widget elementor-widget-text-editor\" data-id=\"0ff97c2\" data-element_type=\"widget\" data-widget_type=\"text-editor.default\">\n\t\t\t\t<div class=\"elementor-widget-container\">\n\t\t\t\t\t\t\t\t\t<p>Polskie Konsorcjum Gospodarcze to sp\u00f3\u0142ka zawi\u0105zana w 1993 r. Zosta\u0142a powo\u0142ana w celu budowy infrastruktury, g\u0142\u00f3wnie granicznej, jako podmiot realizuj\u0105cy zadania w kooperacji ze Skarbem Pa\u0144stwa. Obecnie 100% akcji nale\u017cy do podmiot\u00f3w prywatnych.<\/p>\t\t\t\t\t\t\t\t<\/div>\n\t\t\t\t<\/div>\n\t\t\t\t\t<\/div>\n\t\t<\/div>\n\t\t\t\t\t<\/div>\n\t\t<\/section>\n\t\t\t\t<div class=\"elementor-section elementor-top-section elementor-element elementor-element-bd558a7 elementor-section-stretched elementor-section-full_width img-1 img-pkg left-border-div  elementor-section-height-default elementor-section-height-default\" data-id=\"bd558a7\" data-element_type=\"section\" data-settings=\"{&quot;stretch_section&quot;:&quot;section-stretched&quot;}\">\n\t\t\t\t\t\t<div class=\"elementor-container elementor-column-gap-default\">\n\t\t\t\t\t<div class=\"elementor-column elementor-col-100 elementor-top-column elementor-element elementor-element-e169b6c\" data-id=\"e169b6c\" data-element_type=\"column\">\n\t\t\t<div class=\"elementor-widget-wrap elementor-element-populated\">\n\t\t\t\t\t\t<div class=\"elementor-element elementor-element-dec91f5 animated-fast img-border-left elementor-widget elementor-widget-image\" data-id=\"dec91f5\" data-element_type=\"widget\" data-settings=\"{&quot;_animation&quot;:&quot;none&quot;}\" data-widget_type=\"image.default\">\n\t\t\t\t<div class=\"elementor-widget-container\">\n\t\t\t\t\t\t\t\t\t\t\t\t\t\t\t<img fetchpriority=\"high\" decoding=\"async\" width=\"1536\" height=\"596\" src=\"https:\/\/www.pkgsa.pl\/wp-content\/uploads\/terminal-koroszczyn-1.jpg\" class=\"attachment-full size-full wp-image-81\" alt=\"\" srcset=\"https:\/\/www.pkgsa.pl\/wp-content\/uploads\/terminal-koroszczyn-1.jpg 1536w, https:\/\/www.pkgsa.pl\/wp-content\/uploads\/terminal-koroszczyn-1-300x116.jpg 300w, https:\/\/www.pkgsa.pl\/wp-content\/uploads\/terminal-koroszczyn-1-1024x397.jpg 1024w, https:\/\/www.pkgsa.pl\/wp-content\/uploads\/terminal-koroszczyn-1-768x298.jpg 768w\" sizes=\"(max-width: 1536px) 100vw, 1536px\" \/>\t\t\t\t\t\t\t\t\t\t\t\t\t\t\t<\/div>\n\t\t\t\t<\/div>\n\t\t\t\t\t<\/div>\n\t\t<\/div>\n\t\t\t\t\t<\/div>\n\t\t<\/div>\n\t\t\t\t<div class=\"elementor-section elementor-top-section elementor-element elementor-element-c881f72 div-width elementor-section-boxed elementor-section-height-default elementor-section-height-default\" data-id=\"c881f72\" data-element_type=\"section\">\n\t\t\t\t\t\t<div class=\"elementor-container elementor-column-gap-default\">\n\t\t\t\t\t<div class=\"elementor-column elementor-col-100 elementor-top-column elementor-element elementor-element-62becb6 col-75-width\" data-id=\"62becb6\" data-element_type=\"column\">\n\t\t\t<div class=\"elementor-widget-wrap elementor-element-populated\">\n\t\t\t\t\t\t<div class=\"elementor-element elementor-element-fa6c6e5 txt-max elementor-invisible elementor-widget elementor-widget-heading\" data-id=\"fa6c6e5\" data-element_type=\"widget\" data-settings=\"{&quot;_animation&quot;:&quot;fadeInUp&quot;,&quot;_animation_delay&quot;:200}\" data-widget_type=\"heading.default\">\n\t\t\t\t<div class=\"elementor-widget-container\">\n\t\t\t\t\t<h2 class=\"elementor-heading-title elementor-size-default\">Jeste\u015bmy firm\u0105 gotow\u0105 do podejmowania <span style=\"color: #be214f\">nowych<\/span> przedsi\u0119wzi\u0119\u0107.<\/h2>\t\t\t\t<\/div>\n\t\t\t\t<\/div>\n\t\t\t\t<div class=\"elementor-element elementor-element-3de7fbd txt-mid elementor-invisible elementor-widget elementor-widget-text-editor\" data-id=\"3de7fbd\" data-element_type=\"widget\" data-settings=\"{&quot;_animation&quot;:&quot;fadeInUp&quot;,&quot;_animation_delay&quot;:300}\" data-widget_type=\"text-editor.default\">\n\t\t\t\t<div class=\"elementor-widget-container\">\n\t\t\t\t\t\t\t\t\t<p>Maksymalnie wykorzystujemy mo\u017cliwo\u015bci, jakie przynosi nam czas na <span class=\"span-color\">poszczeg\u00f3lnych etapach rozwoju naszego przedsi\u0119biorstwa.<\/span> Aktywnie anga\u017cujemy si\u0119 w podejmowanie nowych wyzwa\u0144. Na przestrzeni <span class=\"span-color\">30 lat istnienia<\/span> firmy profil Sp\u00f3\u0142ki wielokrotnie ewoluowa\u0142.<\/p>\t\t\t\t\t\t\t\t<\/div>\n\t\t\t\t<\/div>\n\t\t\t\t\t<\/div>\n\t\t<\/div>\n\t\t\t\t\t<\/div>\n\t\t<\/div>\n\t\t\t\t<section class=\"elementor-section elementor-top-section elementor-element elementor-element-a7bd9d0 elementor-section-stretched elementor-section-full_width elementor-section-content-middle col-pkg elementor-section-height-default elementor-section-height-default\" data-id=\"a7bd9d0\" data-element_type=\"section\" data-settings=\"{&quot;stretch_section&quot;:&quot;section-stretched&quot;}\">\n\t\t\t\t\t\t<div class=\"elementor-container elementor-column-gap-default\">\n\t\t\t\t\t<div class=\"elementor-column elementor-col-50 elementor-top-column elementor-element elementor-element-9a9bf62 col-border-left-txt\" data-id=\"9a9bf62\" data-element_type=\"column\">\n\t\t\t<div class=\"elementor-widget-wrap elementor-element-populated\">\n\t\t\t\t\t\t<div class=\"elementor-element elementor-element-49b926d txt-mid elementor-invisible elementor-widget elementor-widget-text-editor\" data-id=\"49b926d\" data-element_type=\"widget\" data-settings=\"{&quot;_animation&quot;:&quot;fadeInUp&quot;,&quot;_animation_delay&quot;:300}\" data-widget_type=\"text-editor.default\">\n\t\t\t\t<div class=\"elementor-widget-container\">\n\t\t\t\t\t\t\t\t\t<p>Owocem naszych nieustannych poszukiwa\u0144 w ci\u0105g\u0142ym <span class=\"span-color\">d\u0105\u017ceniu do rozwoju,<\/span> jest zawi\u0105zanie Sp\u00f3\u0142ek, ze 100% udzia\u0142em PKG , z kt\u00f3rych ka\u017cda prowadzi inny rodzaj dzia\u0142alno\u015bci. Jako Grupa Kapita\u0142owa PKG zatrudnia ok. 100 os\u00f3b.<\/p>\t\t\t\t\t\t\t\t<\/div>\n\t\t\t\t<\/div>\n\t\t\t\t\t<\/div>\n\t\t<\/div>\n\t\t\t\t<div class=\"elementor-column elementor-col-50 elementor-top-column elementor-element elementor-element-20fa8ad\" data-id=\"20fa8ad\" data-element_type=\"column\">\n\t\t\t<div class=\"elementor-widget-wrap elementor-element-populated\">\n\t\t\t\t\t\t<div class=\"elementor-element elementor-element-534ef0e animated-fast elementor-widget elementor-widget-image\" data-id=\"534ef0e\" data-element_type=\"widget\" data-settings=\"{&quot;_animation&quot;:&quot;none&quot;}\" data-widget_type=\"image.default\">\n\t\t\t\t<div class=\"elementor-widget-container\">\n\t\t\t\t\t\t\t\t\t\t\t\t\t\t\t<img decoding=\"async\" width=\"1000\" height=\"720\" src=\"https:\/\/www.pkgsa.pl\/wp-content\/uploads\/pkg-rozwoj-spolki.jpg\" class=\"attachment-full size-full wp-image-85\" alt=\"\" srcset=\"https:\/\/www.pkgsa.pl\/wp-content\/uploads\/pkg-rozwoj-spolki.jpg 1000w, https:\/\/www.pkgsa.pl\/wp-content\/uploads\/pkg-rozwoj-spolki-300x216.jpg 300w, https:\/\/www.pkgsa.pl\/wp-content\/uploads\/pkg-rozwoj-spolki-768x553.jpg 768w\" sizes=\"(max-width: 1000px) 100vw, 1000px\" \/>\t\t\t\t\t\t\t\t\t\t\t\t\t\t\t<\/div>\n\t\t\t\t<\/div>\n\t\t\t\t\t<\/div>\n\t\t<\/div>\n\t\t\t\t\t<\/div>\n\t\t<\/section>\n\t\t\t\t<section class=\"elementor-section elementor-top-section elementor-element elementor-element-dba82d5 elementor-section-stretched elementor-section-full_width elementor-section-height-default elementor-section-height-default\" data-id=\"dba82d5\" data-element_type=\"section\" data-settings=\"{&quot;stretch_section&quot;:&quot;section-stretched&quot;,&quot;background_background&quot;:&quot;classic&quot;}\">\n\t\t\t\t\t\t<div class=\"elementor-container elementor-column-gap-default\">\n\t\t\t\t\t<div class=\"elementor-column elementor-col-100 elementor-top-column elementor-element elementor-element-90c11ae\" data-id=\"90c11ae\" data-element_type=\"column\">\n\t\t\t<div class=\"elementor-widget-wrap elementor-element-populated\">\n\t\t\t\t\t\t<div class=\"elementor-element elementor-element-890a84e col-75-width elementor-widget elementor-widget-text-editor\" data-id=\"890a84e\" data-element_type=\"widget\" data-settings=\"{&quot;_animation&quot;:&quot;none&quot;,&quot;_animation_delay&quot;:200}\" data-widget_type=\"text-editor.default\">\n\t\t\t\t<div class=\"elementor-widget-container\">\n\t\t\t\t\t\t\t\t\t<h2 class=\"txt-max\">W ramach Grupy<br \/>funkcjonuj\u0105 sp\u00f3\u0142ki:<\/h2><table class=\"pkg-table\" style=\"border: none;\"><tbody style=\"border: none;\"><tr style=\"border: none;\"><td>\u00a0<\/td><td><div class=\"td-line\" style=\"width: 30px; height: 1px; background-color: #9b9b9b; margin: 10px;\">\u00a0<\/div><\/td><td><div class=\"txt-min\">Polskie Konsorcjum Gospodarcze\u00a0 (podmiot dominuj\u0105cy) \u2013 g\u0142\u00f3wnym przedmiotem dzia\u0142alno\u015bci jest utrzymanie i administracja cz\u0119\u015bci komercyjnej Terminala Samochodowego w Koroszczynie oraz \u015bwiadczenie us\u0142ug zwi\u0105zanych z obs\u0142ug\u0105 ruchu granicznego.<\/div><\/td><\/tr><tr><td>\u00a0<\/td><td>\u00a0<\/td><td><p class=\"txt-mid\">Sp\u00f3\u0142ki zale\u017cne:<\/p><\/td><\/tr><tr><td>1<\/td><td><div class=\"td-line\" style=\"width: 30px; height: 1px; background-color: #9b9b9b; margin: 10px;\">\u00a0<\/div><\/td><td><span class=\"span-color\">Aperia Sp. z o.o.<\/span><br \/>Po\u015brednictwo finansowe i ubezpieczenia (od 1.04.2006 r.)<\/td><\/tr><tr><td>2<\/td><td><div class=\"td-line\" style=\"width: 30px; height: 1px; background-color: #9b9b9b; margin: 10px;\">\u00a0<\/div><\/td><td><a href=\"https:\/\/www.idelia.pl\"><span class=\"span-color\">Idelia Sp. z o.o.<\/span><\/a><br \/>Gastronomia i handel wielobran\u017cowy (od 1.01.2010 r.)<\/td><\/tr><tr><td>3<\/td><td><div class=\"td-line\" style=\"width: 30px; height: 1px; background-color: #9b9b9b; margin: 10px;\">\u00a0<\/div><\/td><td><a href=\"https:\/\/www.embetim.pl\"><span class=\"span-color\">Embetim Sp. z o.o.<\/span><\/a><br \/>Agencja celna (od 1.11.2013 r.) www.embetim.pl<\/td><\/tr><tr><td>4<\/td><td><div class=\"td-line\" style=\"width: 30px; height: 1px; background-color: #9b9b9b; margin: 10px;\">\u00a0<\/div><\/td><td><span class=\"span-color\">ISLA Sp. z o.o.<\/span><br \/>Biuro rachunkowe (od 1.05.2014 r.)<\/td><\/tr><\/tbody><\/table>\t\t\t\t\t\t\t\t<\/div>\n\t\t\t\t<\/div>\n\t\t\t\t\t<\/div>\n\t\t<\/div>\n\t\t\t\t\t<\/div>\n\t\t<\/section>\n\t\t\t\t<\/div>\n\t\t","protected":false},"excerpt":{"rendered":"<p>Polskie Konsorcjum Gospodarcze to sp\u00f3\u0142ka zawi\u0105zana w 1993 r. Zosta\u0142a powo\u0142ana w celu budowy infrastruktury, g\u0142\u00f3wnie granicznej, jako podmiot realizuj\u0105cy zadania w kooperacji ze Skarbem Pa\u0144stwa. Obecnie 100% akcji nale\u017cy do podmiot\u00f3w prywatnych. Jeste\u015bmy firm\u0105 gotow\u0105 do podejmowania nowych przedsi\u0119wzi\u0119\u0107. Maksymalnie wykorzystujemy mo\u017cliwo\u015bci, jakie przynosi nam czas na poszczeg\u00f3lnych etapach rozwoju naszego przedsi\u0119biorstwa. Aktywnie anga\u017cujemy si\u0119 w podejmowanie nowych wyzwa\u0144. Na przestrzeni 30 lat istnienia firmy profil Sp\u00f3\u0142ki wielokrotnie ewoluowa\u0142. Owocem naszych nieustannych poszukiwa\u0144 w ci\u0105g\u0142ym d\u0105\u017ceniu do rozwoju, jest zawi\u0105zanie Sp\u00f3\u0142ek, ze 100% udzia\u0142em PKG , z kt\u00f3rych ka\u017cda prowadzi inny rodzaj dzia\u0142alno\u015bci. Jako Grupa Kapita\u0142owa PKG zatrudnia ok. 100 os\u00f3b. W ramach Grupyfunkcjonuj\u0105 sp\u00f3\u0142ki: \u00a0 \u00a0 Polskie Konsorcjum Gospodarcze\u00a0 (podmiot dominuj\u0105cy) \u2013 g\u0142\u00f3wnym przedmiotem dzia\u0142alno\u015bci jest utrzymanie i administracja cz\u0119\u015bci komercyjnej Terminala Samochodowego w Koroszczynie oraz \u015bwiadczenie us\u0142ug zwi\u0105zanych z obs\u0142ug\u0105 ruchu granicznego. \u00a0 \u00a0 Sp\u00f3\u0142ki zale\u017cne: 1 \u00a0 Aperia Sp. z o.o.Po\u015brednictwo finansowe i ubezpieczenia (od 1.04.2006&hellip;<\/p>\n<p> <a class=\"more-link\" href=\"https:\/\/www.pkgsa.pl\/\">Dowiedz si\u0119 wi\u0119cej<\/a><\/p>\n","protected":false},"author":1,"featured_media":0,"parent":0,"menu_order":0,"comment_status":"closed","ping_status":"closed","template":"","meta":{"inline_featured_image":false,"footnotes":""},"_links":{"self":[{"href":"https:\/\/www.pkgsa.pl\/index.php?rest_route=\/wp\/v2\/pages\/9"}],"collection":[{"href":"https:\/\/www.pkgsa.pl\/index.php?rest_route=\/wp\/v2\/pages"}],"about":[{"href":"https:\/\/www.pkgsa.pl\/index.php?rest_route=\/wp\/v2\/types\/page"}],"author":[{"embeddable":true,"href":"https:\/\/www.pkgsa.pl\/index.php?rest_route=\/wp\/v2\/users\/1"}],"replies":[{"embeddable":true,"href":"https:\/\/www.pkgsa.pl\/index.php?rest_route=%2Fwp%2Fv2%2Fcomments&post=9"}],"version-history":[{"count":109,"href":"https:\/\/www.pkgsa.pl\/index.php?rest_route=\/wp\/v2\/pages\/9\/revisions"}],"predecessor-version":[{"id":1118,"href":"https:\/\/www.pkgsa.pl\/index.php?rest_route=\/wp\/v2\/pages\/9\/revisions\/1118"}],"wp:attachment":[{"href":"https:\/\/www.pkgsa.pl\/index.php?rest_route=%2Fwp%2Fv2%2Fmedia&parent=9"}],"curies":[{"name":"wp","href":"https:\/\/api.w.org\/{rel}","templated":true}]}}