{"id":661,"date":"2020-08-14T09:42:44","date_gmt":"2020-08-14T07:42:44","guid":{"rendered":"https:\/\/www.pkgsa.pl\/?page_id=661"},"modified":"2023-05-31T16:54:42","modified_gmt":"2023-05-31T14:54:42","slug":"kontakt-ru","status":"publish","type":"page","link":"https:\/\/www.pkgsa.pl\/?page_id=661&lang=ru","title":{"rendered":"Kontakt RU"},"content":{"rendered":"\t\t<div data-elementor-type=\"wp-page\" data-elementor-id=\"661\" class=\"elementor elementor-661\">\n\t\t\t\t\t\t<section class=\"elementor-section elementor-top-section elementor-element elementor-element-470407c elementor-section-boxed elementor-section-height-default elementor-section-height-default\" data-id=\"470407c\" data-element_type=\"section\">\n\t\t\t\t\t\t<div class=\"elementor-container elementor-column-gap-default\">\n\t\t\t\t\t<div class=\"elementor-column elementor-col-33 elementor-top-column elementor-element elementor-element-17a2a89\" data-id=\"17a2a89\" data-element_type=\"column\">\n\t\t\t<div class=\"elementor-widget-wrap elementor-element-populated\">\n\t\t\t\t\t\t<div class=\"elementor-element elementor-element-b770115 elementor-widget elementor-widget-text-editor\" data-id=\"b770115\" data-element_type=\"widget\" data-widget_type=\"text-editor.default\">\n\t\t\t\t<div class=\"elementor-widget-container\">\n\t\t\t\t\t\t\t\t\t<div class=\"txt-mid txt-mid-header\" style=\"min-height: 60px;\">\u041e\u0444\u0438\u0441 \u043a\u043e\u043c\u043f\u0430\u043d\u0438\u0438<\/div><p class=\"txt-min\">Polskie Konsorcjum Gospodarcze<br \/>ul. Marsza\u0142kowska 126\/134<br \/>00-008 Warszawa, Polska<\/p>\t\t\t\t\t\t\t\t<\/div>\n\t\t\t\t<\/div>\n\t\t\t\t\t<\/div>\n\t\t<\/div>\n\t\t\t\t<div class=\"elementor-column elementor-col-33 elementor-top-column elementor-element elementor-element-266bc27\" data-id=\"266bc27\" data-element_type=\"column\">\n\t\t\t<div class=\"elementor-widget-wrap elementor-element-populated\">\n\t\t\t\t\t\t<div class=\"elementor-element elementor-element-031dc56 txt-height elementor-widget elementor-widget-text-editor\" data-id=\"031dc56\" data-element_type=\"widget\" data-widget_type=\"text-editor.default\">\n\t\t\t\t<div class=\"elementor-widget-container\">\n\t\t\t\t\t\t\t\t\t<div class=\"txt-mid txt-mid-header\" style=\"min-height: 60px;\">\u0410\u0434\u0440\u0435\u0441 \u0434\u043b\u044f \u043a\u043e\u0440\u0440\u0435\u0441\u043f\u043e\u043d\u0434\u0435\u043d\u0446\u0438\u0438<\/div>\n<p class=\"txt-min\">Polskie Konsorcjum Gospodarcze&nbsp;<br>Terminal Samochodowy Koroszczyn<br>21-550 Terespol, Polska<br>\n<br><br>Tel. +48 83 376 33 30, +48 83 376 33 31<br>FAX +48 83 376 33 31 w. 124<br>\nkoroszczyn@pkgsa.pl<\/p>\t\t\t\t\t\t\t\t<\/div>\n\t\t\t\t<\/div>\n\t\t\t\t\t<\/div>\n\t\t<\/div>\n\t\t\t\t<div class=\"elementor-column elementor-col-33 elementor-top-column elementor-element elementor-element-fa6a73a\" data-id=\"fa6a73a\" data-element_type=\"column\">\n\t\t\t<div class=\"elementor-widget-wrap elementor-element-populated\">\n\t\t\t\t\t\t<div class=\"elementor-element elementor-element-384f2b9 txt-mid txt-mid-header elementor-widget elementor-widget-text-editor\" data-id=\"384f2b9\" data-element_type=\"widget\" data-widget_type=\"text-editor.default\">\n\t\t\t\t<div class=\"elementor-widget-container\">\n\t\t\t\t\t\t\t\t\t<div class=\"txt-mid txt-mid-header\" style=\"min-height: 60px;\">\u041d\u0430\u043f\u0438\u0448\u0438\u0442\u0435 \u043d\u0430\u043c<\/div>\n<div class=\"wpforms-container wpforms-container-full\" id=\"wpforms-689\"><form id=\"wpforms-form-689\" class=\"wpforms-validate wpforms-form\" data-formid=\"689\" method=\"post\" enctype=\"multipart\/form-data\" action=\"\/index.php?rest_route=%2Fwp%2Fv2%2Fpages%2F661\" data-token=\"de8138015856c10d1ee6ef4c53ff8216\" data-token-time=\"1778075681\"><noscript class=\"wpforms-error-noscript\">Aby wype\u0142ni\u0107 ten formularz, w\u0142\u0105cz obs\u0142ug\u0119 JavaScript w przegl\u0105darce.<\/noscript><div class=\"wpforms-field-container\"><div id=\"wpforms-689-field_0-container\" class=\"wpforms-field wpforms-field-name\" data-field-id=\"0\"><label class=\"wpforms-field-label\" for=\"wpforms-689-field_0\">\u0438\u043c\u044f \u0438 \u0444\u0430\u043c\u0438\u043b\u0438\u044f <span class=\"wpforms-required-label\">*<\/span><\/label><input type=\"text\" id=\"wpforms-689-field_0\" class=\"wpforms-field-large wpforms-field-required\" name=\"wpforms[fields][0]\" required><\/div><div id=\"wpforms-689-field_1-container\" class=\"wpforms-field wpforms-field-email\" data-field-id=\"1\"><label class=\"wpforms-field-label\" for=\"wpforms-689-field_1\">\u044d\u043b\u0435\u043a\u0442\u0440\u043e\u043d\u043d\u044b\u0439 \u0430\u0434\u0440\u0435\u0441 <span class=\"wpforms-required-label\">*<\/span><\/label><input type=\"email\" id=\"wpforms-689-field_1\" class=\"wpforms-field-large wpforms-field-required\" name=\"wpforms[fields][1]\" spellcheck=\"false\" required><\/div><div id=\"wpforms-689-field_2-container\" class=\"wpforms-field wpforms-field-textarea\" data-field-id=\"2\"><label class=\"wpforms-field-label\" for=\"wpforms-689-field_2\">\u0441\u043e\u043e\u0431\u0449\u0435\u043d\u0438\u0435 <span class=\"wpforms-required-label\">*<\/span><\/label><textarea id=\"wpforms-689-field_2\" class=\"wpforms-field-medium wpforms-field-required\" name=\"wpforms[fields][2]\" required><\/textarea><\/div><\/div><!-- .wpforms-field-container --><div class=\"wpforms-field wpforms-field-hp\"><label for=\"wpforms-689-field-hp\" class=\"wpforms-field-label\">Website<\/label><input type=\"text\" name=\"wpforms[hp]\" id=\"wpforms-689-field-hp\" class=\"wpforms-field-medium\"><\/div><div class=\"wpforms-submit-container\" ><input type=\"hidden\" name=\"wpforms[id]\" value=\"689\"><input type=\"hidden\" name=\"page_title\" value=\"\"><input type=\"hidden\" name=\"page_url\" value=\"https:\/\/www.pkgsa.pl\/index.php?rest_route=\/wp\/v2\/pages\/661\"><input type=\"hidden\" name=\"url_referer\" value=\"\"><button type=\"submit\" name=\"wpforms[submit]\" id=\"wpforms-submit-689\" class=\"wpforms-submit\" data-alt-text=\"Sending...\" data-submit-text=\"\u041e\u0422\u041f\u0420\u0410\u0412\u042c\" aria-live=\"assertive\" value=\"wpforms-submit\">\u041e\u0422\u041f\u0420\u0410\u0412\u042c<\/button><\/div><\/form><\/div>  <!-- .wpforms-container -->\t\t\t\t\t\t\t\t<\/div>\n\t\t\t\t<\/div>\n\t\t\t\t\t<\/div>\n\t\t<\/div>\n\t\t\t\t\t<\/div>\n\t\t<\/section>\n\t\t\t\t<section class=\"elementor-section elementor-top-section elementor-element elementor-element-720aa1b elementor-section-boxed elementor-section-height-default elementor-section-height-default\" data-id=\"720aa1b\" data-element_type=\"section\">\n\t\t\t\t\t\t<div class=\"elementor-container elementor-column-gap-default\">\n\t\t\t\t\t<div class=\"elementor-column elementor-col-33 elementor-top-column elementor-element elementor-element-5b3e871\" data-id=\"5b3e871\" data-element_type=\"column\">\n\t\t\t<div class=\"elementor-widget-wrap elementor-element-populated\">\n\t\t\t\t\t\t<div class=\"elementor-element elementor-element-4f36e0a elementor-widget elementor-widget-text-editor\" data-id=\"4f36e0a\" data-element_type=\"widget\" data-widget_type=\"text-editor.default\">\n\t\t\t\t<div class=\"elementor-widget-container\">\n\t\t\t\t\t\t\t\t\t<div class=\"txt-mid\" style=\"min-height: 60px;\"> \u041f\u0440\u0435\u0434\u0441\u0442\u0430\u0432\u0438\u0442\u0435\u043b\u044c\u0441\u0442\u0432\u043e <\/div>\n<p class=\"txt-min\"><span class=\"span-color\"> \u041f\u0420\u0415\u0414\u0421\u0415\u0414\u0410\u0422\u0415\u041b\u042c \u041f\u0420\u0410\u0412\u041b\u0415\u041d\u0418\u042f  <br>\n<\/span>\nRenata Kozio\u0142<\/p>\t\t\t\t\t\t\t\t<\/div>\n\t\t\t\t<\/div>\n\t\t\t\t\t<\/div>\n\t\t<\/div>\n\t\t\t\t<div class=\"elementor-column elementor-col-33 elementor-top-column elementor-element elementor-element-42b2b88\" data-id=\"42b2b88\" data-element_type=\"column\">\n\t\t\t<div class=\"elementor-widget-wrap elementor-element-populated\">\n\t\t\t\t\t\t<div class=\"elementor-element elementor-element-f6a27c9 txt-height elementor-widget elementor-widget-text-editor\" data-id=\"f6a27c9\" data-element_type=\"widget\" data-widget_type=\"text-editor.default\">\n\t\t\t\t<div class=\"elementor-widget-container\">\n\t\t\t\t\t\t\t\t\t<div class=\"txt-mid txt-mid-header\" style=\"min-height: 60px;\">\u00a0<\/div><p class=\"txt-min\"><span class=\"span-color\">\u0417\u0430\u043c\u0435\u0441\u0442\u0438\u0442\u0435\u043b\u044c \u041f\u0440\u0435\u0434\u0441\u0435\u0434\u0430\u0442\u0435\u043b\u044f<\/span><br \/>Krzysztof Dziewicki<\/p>\t\t\t\t\t\t\t\t<\/div>\n\t\t\t\t<\/div>\n\t\t\t\t\t<\/div>\n\t\t<\/div>\n\t\t\t\t<div class=\"elementor-column elementor-col-33 elementor-top-column elementor-element elementor-element-e490d9b\" data-id=\"e490d9b\" data-element_type=\"column\">\n\t\t\t<div class=\"elementor-widget-wrap elementor-element-populated\">\n\t\t\t\t\t\t<div class=\"elementor-element elementor-element-82ecb38 txt-height elementor-widget elementor-widget-text-editor\" data-id=\"82ecb38\" data-element_type=\"widget\" data-widget_type=\"text-editor.default\">\n\t\t\t\t<div class=\"elementor-widget-container\">\n\t\t\t\t\t\t\t\t\t<div class=\"txt-mid txt-mid-header\" style=\"min-height: 60px;\"><\/div>\n<p class=\"txt-min\"><span class=\"span-color\"> \u041f\u0420\u041e\u041a\u0423\u0420\u0415\u041d\u0422 \u0423\u041f\u041e\u041b\u041d\u041e\u041c\u041e\u0427\u0415\u041d\u041d\u042b\u0419<\/span><br>\nBeata \u017buk-Pietrzak<\/p>\t\t\t\t\t\t\t\t<\/div>\n\t\t\t\t<\/div>\n\t\t\t\t\t<\/div>\n\t\t<\/div>\n\t\t\t\t\t<\/div>\n\t\t<\/section>\n\t\t\t\t<section class=\"elementor-section elementor-top-section elementor-element elementor-element-92e7931 elementor-section-boxed elementor-section-height-default elementor-section-height-default\" data-id=\"92e7931\" data-element_type=\"section\">\n\t\t\t\t\t\t<div class=\"elementor-container elementor-column-gap-default\">\n\t\t\t\t\t<div class=\"elementor-column elementor-col-50 elementor-top-column elementor-element elementor-element-35c5473\" data-id=\"35c5473\" data-element_type=\"column\">\n\t\t\t<div class=\"elementor-widget-wrap elementor-element-populated\">\n\t\t\t\t\t\t<div class=\"elementor-element elementor-element-09c967f elementor-widget elementor-widget-text-editor\" data-id=\"09c967f\" data-element_type=\"widget\" data-widget_type=\"text-editor.default\">\n\t\t\t\t<div class=\"elementor-widget-container\">\n\t\t\t\t\t\t\t\t\t<div class=\"txt-mid\" style=\"min-height: 60px;\">\u0420\u0435\u043a\u0432\u0438\u0437\u0438\u0442\u044b \u043a\u043e\u043c\u043f\u0430\u043d\u0438\u0438<\/div>\n<p class=\"txt-min\">A\u043a\u0446\u0438\u043e\u043d\u0435\u0440\u043d\u043e\u0435 \u043e\u0431\u0449\u0435\u0441\u0442\u0432\u043e \u00ab\u041f\u043e\u043b\u044c\u0441\u043a\u0435 \u041a\u043e\u043d\u0441\u043e\u0440\u0446\u0438\u0443\u043c \u0413\u043e\u0441\u043f\u043e\u0434\u0430\u0440\u0447\u0435\u00bb \u0441 \u043c\u0435\u0441\u0442\u043e\u043d\u0430\u0445\u043e\u0436\u0434\u0435\u043d\u0438\u0435\u043c \u0432 \u0412\u0430\u0440\u0448\u0430\u0432\u0435, \u0437\u0430\u0440\u0435\u0433\u0438\u0441\u0442\u0440\u0438\u0440\u043e\u0432\u0430\u043do \u0432 \u0413\u043e\u0441\u0443\u0434\u0430\u0440\u0441\u0442\u0432\u0435\u043d\u043d\u043e\u043c \u0421\u0443\u0434\u043e\u0432\u043e\u043c \u0420\u0435\u0435\u0441\u0442\u0440\u0435 \u0420\u0430\u0439\u043e\u043d\u043d\u043e\u0433\u043e \u0421\u0443\u0434\u0430 \u0434\u043b\u044f \u0433\u043e\u0440\u043e\u0434\u0430 \u0412\u0430\u0440\u0448\u0430\u0432\u044b, XII \u041e\u0442\u0434\u0435\u043b\u0430 \u042d\u043a\u043e\u043d\u043e\u043c\u0438\u0447\u0435\u0441\u043a\u0438\u0445 \u041e\u0442\u043d\u043e\u0448\u0435\u043d\u0438\u0438 \u0413\u0421\u0420 \u043f\u043e\u0434 \u043d\u043e\u043c\u0435\u0440\u043e\u043c KRS 0001032508<\/p>\n<p class=\"txt-min\"><span class=\"span-color\"> \u0410\u043a\u0446\u0438\u043e\u043d\u0435\u0440\u043d\u044b\u0439 \u043a\u0430\u043f\u0438\u0442\u0430\u043b: <\/span><br>15.037.300,00 PLN.<\/p>\n<p class=\"txt-min\">NIP\/\u0418\u041d\u041d: 527 000 68 19<br>REGON\/\u041e\u041a\u041f\u041e: 010328750<\/p>\t\t\t\t\t\t\t\t<\/div>\n\t\t\t\t<\/div>\n\t\t\t\t\t<\/div>\n\t\t<\/div>\n\t\t\t\t<div class=\"elementor-column elementor-col-50 elementor-top-column elementor-element elementor-element-ad7c884\" data-id=\"ad7c884\" data-element_type=\"column\">\n\t\t\t<div class=\"elementor-widget-wrap\">\n\t\t\t\t\t\t\t<\/div>\n\t\t<\/div>\n\t\t\t\t\t<\/div>\n\t\t<\/section>\n\t\t\t\t<\/div>\n\t\t","protected":false},"excerpt":{"rendered":"<p>\u041e\u0444\u0438\u0441 \u043a\u043e\u043c\u043f\u0430\u043d\u0438\u0438 Polskie Konsorcjum Gospodarczeul. Marsza\u0142kowska 126\/13400-008 Warszawa, Polska \u0410\u0434\u0440\u0435\u0441 \u0434\u043b\u044f \u043a\u043e\u0440\u0440\u0435\u0441\u043f\u043e\u043d\u0434\u0435\u043d\u0446\u0438\u0438 Polskie Konsorcjum Gospodarcze&nbsp;Terminal Samochodowy Koroszczyn21-550 Terespol, Polska Tel. +48 83 376 33 30, +48 83 376 33 31FAX +48 83 376 33 31 w. 124 koroszczyn@pkgsa.pl \u041d\u0430\u043f\u0438\u0448\u0438\u0442\u0435 \u043d\u0430\u043c \u041f\u0440\u0435\u0434\u0441\u0442\u0430\u0432\u0438\u0442\u0435\u043b\u044c\u0441\u0442\u0432\u043e \u041f\u0420\u0415\u0414\u0421\u0415\u0414\u0410\u0422\u0415\u041b\u042c \u041f\u0420\u0410\u0412\u041b\u0415\u041d\u0418\u042f Renata Kozio\u0142 \u00a0 \u0417\u0430\u043c\u0435\u0441\u0442\u0438\u0442\u0435\u043b\u044c \u041f\u0440\u0435\u0434\u0441\u0435\u0434\u0430\u0442\u0435\u043b\u044fKrzysztof Dziewicki \u041f\u0420\u041e\u041a\u0423\u0420\u0415\u041d\u0422 \u0423\u041f\u041e\u041b\u041d\u041e\u041c\u041e\u0427\u0415\u041d\u041d\u042b\u0419 Beata \u017buk-Pietrzak \u0420\u0435\u043a\u0432\u0438\u0437\u0438\u0442\u044b \u043a\u043e\u043c\u043f\u0430\u043d\u0438\u0438 A\u043a\u0446\u0438\u043e\u043d\u0435\u0440\u043d\u043e\u0435 \u043e\u0431\u0449\u0435\u0441\u0442\u0432\u043e \u00ab\u041f\u043e\u043b\u044c\u0441\u043a\u0435 \u041a\u043e\u043d\u0441\u043e\u0440\u0446\u0438\u0443\u043c \u0413\u043e\u0441\u043f\u043e\u0434\u0430\u0440\u0447\u0435\u00bb \u0441 \u043c\u0435\u0441\u0442\u043e\u043d\u0430\u0445\u043e\u0436\u0434\u0435\u043d\u0438\u0435\u043c \u0432 \u0412\u0430\u0440\u0448\u0430\u0432\u0435, \u0437\u0430\u0440\u0435\u0433\u0438\u0441\u0442\u0440\u0438\u0440\u043e\u0432\u0430\u043do \u0432 \u0413\u043e\u0441\u0443\u0434\u0430\u0440\u0441\u0442\u0432\u0435\u043d\u043d\u043e\u043c \u0421\u0443\u0434\u043e\u0432\u043e\u043c \u0420\u0435\u0435\u0441\u0442\u0440\u0435 \u0420\u0430\u0439\u043e\u043d\u043d\u043e\u0433\u043e \u0421\u0443\u0434\u0430 \u0434\u043b\u044f \u0433\u043e\u0440\u043e\u0434\u0430 \u0412\u0430\u0440\u0448\u0430\u0432\u044b, XII \u041e\u0442\u0434\u0435\u043b\u0430 \u042d\u043a\u043e\u043d\u043e\u043c\u0438\u0447\u0435\u0441\u043a\u0438\u0445 \u041e\u0442\u043d\u043e\u0448\u0435\u043d\u0438\u0438 \u0413\u0421\u0420 \u043f\u043e\u0434 \u043d\u043e\u043c\u0435\u0440\u043e\u043c KRS 0001032508 \u0410\u043a\u0446\u0438\u043e\u043d\u0435\u0440\u043d\u044b\u0439 \u043a\u0430\u043f\u0438\u0442\u0430\u043b: 15.037.300,00 PLN. NIP\/\u0418\u041d\u041d: 527 000 68 19REGON\/\u041e\u041a\u041f\u041e: 010328750<\/p>\n","protected":false},"author":1,"featured_media":0,"parent":0,"menu_order":0,"comment_status":"closed","ping_status":"closed","template":"","meta":{"inline_featured_image":false,"footnotes":""},"_links":{"self":[{"href":"https:\/\/www.pkgsa.pl\/index.php?rest_route=\/wp\/v2\/pages\/661"}],"collection":[{"href":"https:\/\/www.pkgsa.pl\/index.php?rest_route=\/wp\/v2\/pages"}],"about":[{"href":"https:\/\/www.pkgsa.pl\/index.php?rest_route=\/wp\/v2\/types\/page"}],"author":[{"embeddable":true,"href":"https:\/\/www.pkgsa.pl\/index.php?rest_route=\/wp\/v2\/users\/1"}],"replies":[{"embeddable":true,"href":"https:\/\/www.pkgsa.pl\/index.php?rest_route=%2Fwp%2Fv2%2Fcomments&post=661"}],"version-history":[{"count":26,"href":"https:\/\/www.pkgsa.pl\/index.php?rest_route=\/wp\/v2\/pages\/661\/revisions"}],"predecessor-version":[{"id":1112,"href":"https:\/\/www.pkgsa.pl\/index.php?rest_route=\/wp\/v2\/pages\/661\/revisions\/1112"}],"wp:attachment":[{"href":"https:\/\/www.pkgsa.pl\/index.php?rest_route=%2Fwp%2Fv2%2Fmedia&parent=661"}],"curies":[{"name":"wp","href":"https:\/\/api.w.org\/{rel}","templated":true}]}}