{"id":659,"date":"2020-08-14T09:41:47","date_gmt":"2020-08-14T07:41:47","guid":{"rendered":"https:\/\/www.pkgsa.pl\/?page_id=659"},"modified":"2023-05-31T16:49:17","modified_gmt":"2023-05-31T14:49:17","slug":"kontakt-en","status":"publish","type":"page","link":"https:\/\/www.pkgsa.pl\/?page_id=659&lang=en","title":{"rendered":"Kontakt EN"},"content":{"rendered":"\t\t<div data-elementor-type=\"wp-page\" data-elementor-id=\"659\" class=\"elementor elementor-659\">\n\t\t\t\t\t\t<section class=\"elementor-section elementor-top-section elementor-element elementor-element-470407c elementor-section-boxed elementor-section-height-default elementor-section-height-default\" data-id=\"470407c\" data-element_type=\"section\">\n\t\t\t\t\t\t<div class=\"elementor-container elementor-column-gap-default\">\n\t\t\t\t\t<div class=\"elementor-column elementor-col-33 elementor-top-column elementor-element elementor-element-17a2a89\" data-id=\"17a2a89\" data-element_type=\"column\">\n\t\t\t<div class=\"elementor-widget-wrap elementor-element-populated\">\n\t\t\t\t\t\t<div class=\"elementor-element elementor-element-b770115 elementor-widget elementor-widget-text-editor\" data-id=\"b770115\" data-element_type=\"widget\" data-widget_type=\"text-editor.default\">\n\t\t\t\t<div class=\"elementor-widget-container\">\n\t\t\t\t\t\t\t\t\t<div class=\"txt-mid txt-mid-header\" style=\"min-height: 60px;\">Headquarters<\/div><p class=\"txt-min\">Polskie Konsorcjum Gospodarcze\u00a0<br \/>Marsza\u0142kowska st. 126\/134<br \/>00-008 Warsaw<\/p>\t\t\t\t\t\t\t\t<\/div>\n\t\t\t\t<\/div>\n\t\t\t\t\t<\/div>\n\t\t<\/div>\n\t\t\t\t<div class=\"elementor-column elementor-col-33 elementor-top-column elementor-element elementor-element-266bc27\" data-id=\"266bc27\" data-element_type=\"column\">\n\t\t\t<div class=\"elementor-widget-wrap elementor-element-populated\">\n\t\t\t\t\t\t<div class=\"elementor-element elementor-element-031dc56 txt-height elementor-widget elementor-widget-text-editor\" data-id=\"031dc56\" data-element_type=\"widget\" data-widget_type=\"text-editor.default\">\n\t\t\t\t<div class=\"elementor-widget-container\">\n\t\t\t\t\t\t\t\t\t<div class=\"txt-mid txt-mid-header\" style=\"min-height: 60px;\">Address for correspondence<\/div><p class=\"txt-min\">Polskie Konsorcjum Gospodarcze<br \/>Terminal Samochodowy Koroszczyn<br \/>21-550 Terespol<\/p><p class=\"txt-min\">Tel. +48 83 376 33 30,<br \/>+48 83 376 33 31<br \/>Fax +48 83 376 33 31 w. 124<br \/>koroszczyn@pkgsa.pl<\/p>\t\t\t\t\t\t\t\t<\/div>\n\t\t\t\t<\/div>\n\t\t\t\t\t<\/div>\n\t\t<\/div>\n\t\t\t\t<div class=\"elementor-column elementor-col-33 elementor-top-column elementor-element elementor-element-fa6a73a\" data-id=\"fa6a73a\" data-element_type=\"column\">\n\t\t\t<div class=\"elementor-widget-wrap elementor-element-populated\">\n\t\t\t\t\t\t<div class=\"elementor-element elementor-element-384f2b9 txt-mid txt-mid-header elementor-widget elementor-widget-text-editor\" data-id=\"384f2b9\" data-element_type=\"widget\" data-widget_type=\"text-editor.default\">\n\t\t\t\t<div class=\"elementor-widget-container\">\n\t\t\t\t\t\t\t\t\t<div class=\"txt-mid txt-mid-header\" style=\"min-height: 60px;\">Contact us<\/div>\n<div class=\"wpforms-container wpforms-container-full\" id=\"wpforms-687\"><form id=\"wpforms-form-687\" class=\"wpforms-validate wpforms-form\" data-formid=\"687\" method=\"post\" enctype=\"multipart\/form-data\" action=\"\/index.php?rest_route=%2Fwp%2Fv2%2Fpages%2F659\" data-token=\"fda06eaec73a4fbc2fd86ea74c231cf6\" data-token-time=\"1778076890\"><noscript class=\"wpforms-error-noscript\">Aby wype\u0142ni\u0107 ten formularz, w\u0142\u0105cz obs\u0142ug\u0119 JavaScript w przegl\u0105darce.<\/noscript><div class=\"wpforms-field-container\"><div id=\"wpforms-687-field_0-container\" class=\"wpforms-field wpforms-field-name\" data-field-id=\"0\"><label class=\"wpforms-field-label\" for=\"wpforms-687-field_0\">Name  <span class=\"wpforms-required-label\">*<\/span><\/label><input type=\"text\" id=\"wpforms-687-field_0\" class=\"wpforms-field-large wpforms-field-required\" name=\"wpforms[fields][0]\" required><\/div><div id=\"wpforms-687-field_1-container\" class=\"wpforms-field wpforms-field-email\" data-field-id=\"1\"><label class=\"wpforms-field-label\" for=\"wpforms-687-field_1\">E-mail <span class=\"wpforms-required-label\">*<\/span><\/label><input type=\"email\" id=\"wpforms-687-field_1\" class=\"wpforms-field-large wpforms-field-required\" name=\"wpforms[fields][1]\" spellcheck=\"false\" required><\/div><div id=\"wpforms-687-field_2-container\" class=\"wpforms-field wpforms-field-textarea\" data-field-id=\"2\"><label class=\"wpforms-field-label\" for=\"wpforms-687-field_2\">Your message <span class=\"wpforms-required-label\">*<\/span><\/label><textarea id=\"wpforms-687-field_2\" class=\"wpforms-field-medium wpforms-field-required\" name=\"wpforms[fields][2]\" required><\/textarea><\/div><\/div><!-- .wpforms-field-container --><div class=\"wpforms-field wpforms-field-hp\"><label for=\"wpforms-687-field-hp\" class=\"wpforms-field-label\">Message<\/label><input type=\"text\" name=\"wpforms[hp]\" id=\"wpforms-687-field-hp\" class=\"wpforms-field-medium\"><\/div><div class=\"wpforms-submit-container\" ><input type=\"hidden\" name=\"wpforms[id]\" value=\"687\"><input type=\"hidden\" name=\"page_title\" value=\"\"><input type=\"hidden\" name=\"page_url\" value=\"https:\/\/www.pkgsa.pl\/index.php?rest_route=\/wp\/v2\/pages\/659\"><input type=\"hidden\" name=\"url_referer\" value=\"\"><button type=\"submit\" name=\"wpforms[submit]\" id=\"wpforms-submit-687\" class=\"wpforms-submit\" data-alt-text=\"Sending...\" data-submit-text=\"Wy\u015blij\" aria-live=\"assertive\" value=\"wpforms-submit\">Wy\u015blij<\/button><\/div><\/form><\/div>  <!-- .wpforms-container -->\t\t\t\t\t\t\t\t<\/div>\n\t\t\t\t<\/div>\n\t\t\t\t\t<\/div>\n\t\t<\/div>\n\t\t\t\t\t<\/div>\n\t\t<\/section>\n\t\t\t\t<section class=\"elementor-section elementor-top-section elementor-element elementor-element-720aa1b elementor-section-boxed elementor-section-height-default elementor-section-height-default\" data-id=\"720aa1b\" data-element_type=\"section\">\n\t\t\t\t\t\t<div class=\"elementor-container elementor-column-gap-default\">\n\t\t\t\t\t<div class=\"elementor-column elementor-col-33 elementor-top-column elementor-element elementor-element-5b3e871\" data-id=\"5b3e871\" data-element_type=\"column\">\n\t\t\t<div class=\"elementor-widget-wrap elementor-element-populated\">\n\t\t\t\t\t\t<div class=\"elementor-element elementor-element-4f36e0a elementor-widget elementor-widget-text-editor\" data-id=\"4f36e0a\" data-element_type=\"widget\" data-widget_type=\"text-editor.default\">\n\t\t\t\t<div class=\"elementor-widget-container\">\n\t\t\t\t\t\t\t\t\t<div class=\"txt-mid\" style=\"min-height: 60px;\"> Representation: <\/div>\n<p class=\"txt-min\"><span class=\"span-color\">PRESIDENT OF BOARD<br>\n<\/span>\nRenata Kozio\u0142<\/p>\t\t\t\t\t\t\t\t<\/div>\n\t\t\t\t<\/div>\n\t\t\t\t\t<\/div>\n\t\t<\/div>\n\t\t\t\t<div class=\"elementor-column elementor-col-33 elementor-top-column elementor-element elementor-element-42b2b88\" data-id=\"42b2b88\" data-element_type=\"column\">\n\t\t\t<div class=\"elementor-widget-wrap elementor-element-populated\">\n\t\t\t\t\t\t<div class=\"elementor-element elementor-element-f6a27c9 txt-height elementor-widget elementor-widget-text-editor\" data-id=\"f6a27c9\" data-element_type=\"widget\" data-widget_type=\"text-editor.default\">\n\t\t\t\t<div class=\"elementor-widget-container\">\n\t\t\t\t\t\t\t\t\t<div class=\"txt-mid txt-mid-header\" style=\"min-height: 60px;\">\u00a0<\/div><p class=\"txt-min\"><span class=\"span-color\">WICE-PRESIDENT OF THE BOARD<br \/><\/span>Krzysztof Dziewicki<\/p>\t\t\t\t\t\t\t\t<\/div>\n\t\t\t\t<\/div>\n\t\t\t\t\t<\/div>\n\t\t<\/div>\n\t\t\t\t<div class=\"elementor-column elementor-col-33 elementor-top-column elementor-element elementor-element-e490d9b\" data-id=\"e490d9b\" data-element_type=\"column\">\n\t\t\t<div class=\"elementor-widget-wrap elementor-element-populated\">\n\t\t\t\t\t\t<div class=\"elementor-element elementor-element-bbeded3 txt-height elementor-widget elementor-widget-text-editor\" data-id=\"bbeded3\" data-element_type=\"widget\" data-widget_type=\"text-editor.default\">\n\t\t\t\t<div class=\"elementor-widget-container\">\n\t\t\t\t\t\t\t\t\t<div class=\"txt-mid txt-mid-header\" style=\"min-height: 60px;\"><\/div>\n<p class=\"txt-min\"><span class=\"span-color\">PROXY<br>\n<\/span>\nBeata \u017buk-Pietrzak<\/p>\t\t\t\t\t\t\t\t<\/div>\n\t\t\t\t<\/div>\n\t\t\t\t\t<\/div>\n\t\t<\/div>\n\t\t\t\t\t<\/div>\n\t\t<\/section>\n\t\t\t\t<section class=\"elementor-section elementor-top-section elementor-element elementor-element-92e7931 elementor-section-boxed elementor-section-height-default elementor-section-height-default\" data-id=\"92e7931\" data-element_type=\"section\">\n\t\t\t\t\t\t<div class=\"elementor-container elementor-column-gap-default\">\n\t\t\t\t\t<div class=\"elementor-column elementor-col-50 elementor-top-column elementor-element elementor-element-35c5473\" data-id=\"35c5473\" data-element_type=\"column\">\n\t\t\t<div class=\"elementor-widget-wrap elementor-element-populated\">\n\t\t\t\t\t\t<div class=\"elementor-element elementor-element-09c967f elementor-widget elementor-widget-text-editor\" data-id=\"09c967f\" data-element_type=\"widget\" data-widget_type=\"text-editor.default\">\n\t\t\t\t<div class=\"elementor-widget-container\">\n\t\t\t\t\t\t\t\t\t<div class=\"txt-mid\" style=\"min-height: 60px;\">Company data<\/div><p class=\"txt-min\">Polskie Konsorcjum Gospodarcze<br \/>The National Court Register kept by the District Court for the capital city of Warsaw,<br \/>XII Commercial Department of the National Court Register 0001032508<\/p><p class=\"txt-min\"><span class=\"span-color\">The share capital is:<\/span><br \/>15.037.300,00 PLN.<\/p><p class=\"txt-min\">NIP: 527 000 68 19<br \/>REGON: 010328750<\/p>\t\t\t\t\t\t\t\t<\/div>\n\t\t\t\t<\/div>\n\t\t\t\t\t<\/div>\n\t\t<\/div>\n\t\t\t\t<div class=\"elementor-column elementor-col-50 elementor-top-column elementor-element elementor-element-ad7c884\" data-id=\"ad7c884\" data-element_type=\"column\">\n\t\t\t<div class=\"elementor-widget-wrap\">\n\t\t\t\t\t\t\t<\/div>\n\t\t<\/div>\n\t\t\t\t\t<\/div>\n\t\t<\/section>\n\t\t\t\t<\/div>\n\t\t","protected":false},"excerpt":{"rendered":"<p>Headquarters Polskie Konsorcjum Gospodarcze\u00a0Marsza\u0142kowska st. 126\/13400-008 Warsaw Address for correspondence Polskie Konsorcjum GospodarczeTerminal Samochodowy Koroszczyn21-550 Terespol Tel. +48 83 376 33 30,+48 83 376 33 31Fax +48 83 376 33 31 w. 124koroszczyn@pkgsa.pl Contact us Representation: PRESIDENT OF BOARD Renata Kozio\u0142 \u00a0 WICE-PRESIDENT OF THE BOARDKrzysztof Dziewicki PROXY Beata \u017buk-Pietrzak Company data Polskie Konsorcjum GospodarczeThe National Court Register kept by the District Court for the capital city of Warsaw,XII Commercial Department of the National Court Register 0001032508 The share capital is:15.037.300,00 PLN. NIP: 527 000 68 19REGON: 010328750<\/p>\n","protected":false},"author":1,"featured_media":0,"parent":0,"menu_order":0,"comment_status":"closed","ping_status":"closed","template":"","meta":{"inline_featured_image":false,"footnotes":""},"_links":{"self":[{"href":"https:\/\/www.pkgsa.pl\/index.php?rest_route=\/wp\/v2\/pages\/659"}],"collection":[{"href":"https:\/\/www.pkgsa.pl\/index.php?rest_route=\/wp\/v2\/pages"}],"about":[{"href":"https:\/\/www.pkgsa.pl\/index.php?rest_route=\/wp\/v2\/types\/page"}],"author":[{"embeddable":true,"href":"https:\/\/www.pkgsa.pl\/index.php?rest_route=\/wp\/v2\/users\/1"}],"replies":[{"embeddable":true,"href":"https:\/\/www.pkgsa.pl\/index.php?rest_route=%2Fwp%2Fv2%2Fcomments&post=659"}],"version-history":[{"count":58,"href":"https:\/\/www.pkgsa.pl\/index.php?rest_route=\/wp\/v2\/pages\/659\/revisions"}],"predecessor-version":[{"id":1105,"href":"https:\/\/www.pkgsa.pl\/index.php?rest_route=\/wp\/v2\/pages\/659\/revisions\/1105"}],"wp:attachment":[{"href":"https:\/\/www.pkgsa.pl\/index.php?rest_route=%2Fwp%2Fv2%2Fmedia&parent=659"}],"curies":[{"name":"wp","href":"https:\/\/api.w.org\/{rel}","templated":true}]}}