{"id":355,"date":"2020-07-08T11:14:46","date_gmt":"2020-07-08T09:14:46","guid":{"rendered":"http:\/\/pkg.tvorcza-test.pl\/?page_id=355"},"modified":"2026-02-14T14:04:45","modified_gmt":"2026-02-14T13:04:45","slug":"terminal","status":"publish","type":"page","link":"https:\/\/www.pkgsa.pl\/?page_id=355","title":{"rendered":"Terminal"},"content":{"rendered":"\t\t<div data-elementor-type=\"wp-page\" data-elementor-id=\"355\" class=\"elementor elementor-355\">\n\t\t\t\t\t\t<section class=\"elementor-section elementor-top-section elementor-element elementor-element-f793ac2 elementor-section-stretched elementor-section-full_width terminal-img-section terminal-1-section  elementor-section-height-default elementor-section-height-default\" data-id=\"f793ac2\" data-element_type=\"section\" data-settings=\"{&quot;stretch_section&quot;:&quot;section-stretched&quot;}\">\n\t\t\t\t\t\t<div class=\"elementor-container elementor-column-gap-default\">\n\t\t\t\t\t<div class=\"elementor-column elementor-col-100 elementor-top-column elementor-element elementor-element-09d0aa1\" data-id=\"09d0aa1\" data-element_type=\"column\">\n\t\t\t<div class=\"elementor-widget-wrap elementor-element-populated\">\n\t\t\t\t\t\t<div class=\"elementor-element elementor-element-c9b492c col-60-width elementor-invisible elementor-widget elementor-widget-text-editor\" data-id=\"c9b492c\" data-element_type=\"widget\" data-settings=\"{&quot;_animation&quot;:&quot;fadeInUp&quot;,&quot;_animation_delay&quot;:200}\" data-widget_type=\"text-editor.default\">\n\t\t\t\t<div class=\"elementor-widget-container\">\n\t\t\t\t\t\t\t\t\t<div style=\"font-size: 13px;\">Terminal Samochodowy Koroszczyn<\/div><div class=\"txt-mid\">W latach 1996-1998 przeprowadzono inwestycj\u0119 <span style=\"color: #be214f;\">Terminal Samochodowy Koroszczyn<\/span>. Obiekt zosta\u0142 wybudowany\nw ramach partnerstwa publiczno-prywatnego. W 1999 r. zosta\u0142 wyr\u00f3\u017cniony tytu\u0142em Budowa Roku.<\/div>\t\t\t\t\t\t\t\t<\/div>\n\t\t\t\t<\/div>\n\t\t\t\t<div class=\"elementor-element elementor-element-896c6fa col-45-width elementor-invisible elementor-widget elementor-widget-text-editor\" data-id=\"896c6fa\" data-element_type=\"widget\" data-settings=\"{&quot;_animation&quot;:&quot;fadeInUp&quot;,&quot;_animation_delay&quot;:300}\" data-widget_type=\"text-editor.default\">\n\t\t\t\t<div class=\"elementor-widget-container\">\n\t\t\t\t\t\t\t\t\t<div class=\"txt-min\">Terminal zlokalizowany jest w miejscowo\u015bci Koroszczyn na g\u0142\u00f3wnym szlaku komunikacyjnym Europy tzw. paneuropejskim korytarzu transportowym, z Berlina przez Warszaw\u0119, Mi\u0144sk do Moskwy i stanowi wraz z zabezpieczon\u0105 i o\u015bwietlon\u0105 drog\u0105 celn\u0105, terytorium drogowego przej\u015bcia granicznego Kukuryki\/Koz\u0142owicze na granicy polsko-bia\u0142oruskiej.<br><br>Terminal zosta\u0142 wyposa\u017cony w zestaw obiekt\u00f3w funkcjonalnych przeznaczonych dla potrzeb stra\u017cy granicznej, s\u0142u\u017cb celnych, s\u0142u\u017cb sanitarnych, fitosanitarnych oraz obiekt\u00f3w komercyjnych \u2013 pracuj\u0105cych na rzecz odprawianych towar\u00f3w, pojazd\u00f3w i os\u00f3b. Terminal podzielono na cz\u0119\u015b\u0107 <span style=\"color: #be214f;\">komercyjn\u0105<\/span> i bud\u017cetow\u0105. <\/div>\t\t\t\t\t\t\t\t<\/div>\n\t\t\t\t<\/div>\n\t\t\t\t<div class=\"elementor-element elementor-element-7295cac img-terminal elementor-invisible elementor-widget elementor-widget-image\" data-id=\"7295cac\" data-element_type=\"widget\" data-settings=\"{&quot;_animation&quot;:&quot;fadeInUp&quot;,&quot;_animation_delay&quot;:400}\" data-widget_type=\"image.default\">\n\t\t\t\t<div class=\"elementor-widget-container\">\n\t\t\t\t\t\t\t\t\t\t\t\t\t\t\t<img fetchpriority=\"high\" decoding=\"async\" width=\"1720\" height=\"600\" src=\"https:\/\/www.pkgsa.pl\/wp-content\/uploads\/terminalpkg.png\" class=\"attachment-full size-full wp-image-364\" alt=\"\" srcset=\"https:\/\/www.pkgsa.pl\/wp-content\/uploads\/terminalpkg.png 1720w, https:\/\/www.pkgsa.pl\/wp-content\/uploads\/terminalpkg-300x105.png 300w, https:\/\/www.pkgsa.pl\/wp-content\/uploads\/terminalpkg-1024x357.png 1024w, https:\/\/www.pkgsa.pl\/wp-content\/uploads\/terminalpkg-768x268.png 768w, https:\/\/www.pkgsa.pl\/wp-content\/uploads\/terminalpkg-1536x536.png 1536w\" sizes=\"(max-width: 1720px) 100vw, 1720px\" \/>\t\t\t\t\t\t\t\t\t\t\t\t\t\t\t<\/div>\n\t\t\t\t<\/div>\n\t\t\t\t\t<\/div>\n\t\t<\/div>\n\t\t\t\t\t<\/div>\n\t\t<\/section>\n\t\t\t\t<section class=\"elementor-section elementor-top-section elementor-element elementor-element-9ce8a63 elementor-section-stretched border-100-width elementor-section-boxed elementor-section-height-default elementor-section-height-default\" data-id=\"9ce8a63\" data-element_type=\"section\" data-settings=\"{&quot;stretch_section&quot;:&quot;section-stretched&quot;,&quot;background_background&quot;:&quot;classic&quot;}\">\n\t\t\t\t\t\t<div class=\"elementor-container elementor-column-gap-default\">\n\t\t\t\t\t<div class=\"elementor-column elementor-col-100 elementor-top-column elementor-element elementor-element-039c05c\" data-id=\"039c05c\" data-element_type=\"column\">\n\t\t\t<div class=\"elementor-widget-wrap\">\n\t\t\t\t\t\t\t<\/div>\n\t\t<\/div>\n\t\t\t\t\t<\/div>\n\t\t<\/section>\n\t\t\t\t<section class=\"elementor-section elementor-top-section elementor-element elementor-element-ba9dd68 elementor-section-stretched elementor-section-full_width terminal-1-section  elementor-section-height-default elementor-section-height-default\" data-id=\"ba9dd68\" data-element_type=\"section\" data-settings=\"{&quot;stretch_section&quot;:&quot;section-stretched&quot;}\">\n\t\t\t\t\t\t<div class=\"elementor-container elementor-column-gap-default\">\n\t\t\t\t\t<div class=\"elementor-column elementor-col-100 elementor-top-column elementor-element elementor-element-ba331cc\" data-id=\"ba331cc\" data-element_type=\"column\">\n\t\t\t<div class=\"elementor-widget-wrap elementor-element-populated\">\n\t\t\t\t\t\t<div class=\"elementor-element elementor-element-abb6543 col-60-width elementor-invisible elementor-widget elementor-widget-text-editor\" data-id=\"abb6543\" data-element_type=\"widget\" data-settings=\"{&quot;_animation&quot;:&quot;fadeInUp&quot;,&quot;_animation_delay&quot;:200}\" data-widget_type=\"text-editor.default\">\n\t\t\t\t<div class=\"elementor-widget-container\">\n\t\t\t\t\t\t\t\t\t<div class=\"txt-mid\">W\u0142a\u015bcicielem cz\u0119\u015bci komercyjnej jest<br>Polskie Konsorcjum Gospodarcze.<\/div>\t\t\t\t\t\t\t\t<\/div>\n\t\t\t\t<\/div>\n\t\t\t\t<div class=\"elementor-element elementor-element-0f4de3e col-45-width elementor-invisible elementor-widget elementor-widget-text-editor\" data-id=\"0f4de3e\" data-element_type=\"widget\" data-settings=\"{&quot;_animation&quot;:&quot;fadeInUp&quot;,&quot;_animation_delay&quot;:300}\" data-widget_type=\"text-editor.default\">\n\t\t\t\t<div class=\"elementor-widget-container\">\n\t\t\t\t\t\t\t\t\t<div class=\"txt-min\">W sk\u0142ad cz\u0119\u015bci komercyjnej wchodzi budynek o powierzchni 6.4 tys. m\u00b2 oraz 18,6 ha teren\u00f3w inwestycyjnych. Ca\u0142y teren otoczony jest od p\u00f3\u0142nocy drog\u0105 Nr 68, a od po\u0142udnia \u0142ukiem projektowanej autostrady A-2. Zjazdy z autostrady s\u0105 zaprojektowane tak, aby wjazd na terminal nie sprawia\u0142 trudno\u015bci.<\/div>\t\t\t\t\t\t\t\t<\/div>\n\t\t\t\t<\/div>\n\t\t\t\t<div class=\"elementor-element elementor-element-1dbe34f col-75-width elementor-widget elementor-widget-text-editor\" data-id=\"1dbe34f\" data-element_type=\"widget\" data-settings=\"{&quot;_animation&quot;:&quot;none&quot;,&quot;_animation_delay&quot;:300}\" data-widget_type=\"text-editor.default\">\n\t\t\t\t<div class=\"elementor-widget-container\">\n\t\t\t\t\t\t\t\t\t<div class=\"txt-min\" style=\"margin-bottom: 30px;\">W obiekcie wielofunkcyjnym, nale\u017c\u0105cym do PKG mieszcz\u0105 si\u0119:<\/div><table class=\"terminal-table\" style=\"border: none; margin-left: 40px;\"><tbody><tr><td>Agencje celno \u2013 spedycyjne<\/td><\/tr><tr><td>Agencja bankowa i kantor<\/td><\/tr><tr><td>Market spo\u017cywczo \u2013 przemys\u0142owy<\/td><\/tr><tr><td>Bistro<\/td><\/tr><tr><td>Kawiarnia<\/td><\/tr><tr><td>Sklepy wielobran\u017cowe (jubiler, drogeria, motoryzacyjny)<\/td><\/tr><tr><td>Magazyny<\/td><\/tr><\/tbody><\/table>\t\t\t\t\t\t\t\t<\/div>\n\t\t\t\t<\/div>\n\t\t\t\t\t<\/div>\n\t\t<\/div>\n\t\t\t\t\t<\/div>\n\t\t<\/section>\n\t\t\t\t<section class=\"elementor-section elementor-top-section elementor-element elementor-element-d1c1b12 elementor-section-stretched elementor-section-full_width elementor-section-height-default elementor-section-height-default\" data-id=\"d1c1b12\" data-element_type=\"section\" data-settings=\"{&quot;stretch_section&quot;:&quot;section-stretched&quot;}\">\n\t\t\t\t\t\t<div class=\"elementor-container elementor-column-gap-default\">\n\t\t\t\t\t<div class=\"elementor-column elementor-col-100 elementor-top-column elementor-element elementor-element-be18460\" data-id=\"be18460\" data-element_type=\"column\">\n\t\t\t<div class=\"elementor-widget-wrap\">\n\t\t\t\t\t\t\t<\/div>\n\t\t<\/div>\n\t\t\t\t\t<\/div>\n\t\t<\/section>\n\t\t\t\t<div class=\"elementor-section elementor-top-section elementor-element elementor-element-988cefa elementor-section-stretched elementor-section-full_width img-1 img-pkg left-border-div  elementor-section-height-default elementor-section-height-default\" data-id=\"988cefa\" data-element_type=\"section\" data-settings=\"{&quot;stretch_section&quot;:&quot;section-stretched&quot;}\">\n\t\t\t\t\t\t<div class=\"elementor-container elementor-column-gap-default\">\n\t\t\t\t\t<div class=\"elementor-column elementor-col-100 elementor-top-column elementor-element elementor-element-f6e1992\" data-id=\"f6e1992\" data-element_type=\"column\">\n\t\t\t<div class=\"elementor-widget-wrap elementor-element-populated\">\n\t\t\t\t\t\t<div class=\"elementor-element elementor-element-bd05f12 animated-fast img-border-left elementor-widget elementor-widget-image\" data-id=\"bd05f12\" data-element_type=\"widget\" data-settings=\"{&quot;_animation&quot;:&quot;none&quot;}\" data-widget_type=\"image.default\">\n\t\t\t\t<div class=\"elementor-widget-container\">\n\t\t\t\t\t\t\t\t\t\t\t\t\t\t\t<img decoding=\"async\" src=\"https:\/\/www.pkgsa.pl\/wp-content\/uploads\/terminalkoroszczyn.jpg\" title=\"terminalkoroszczyn\" alt=\"terminalkoroszczyn\" loading=\"lazy\" \/>\t\t\t\t\t\t\t\t\t\t\t\t\t\t\t<\/div>\n\t\t\t\t<\/div>\n\t\t\t\t\t<\/div>\n\t\t<\/div>\n\t\t\t\t\t<\/div>\n\t\t<\/div>\n\t\t\t\t<section class=\"elementor-section elementor-top-section elementor-element elementor-element-f174c6c elementor-section-stretched elementor-section-full_width elementor-section-height-default elementor-section-height-default\" data-id=\"f174c6c\" data-element_type=\"section\" data-settings=\"{&quot;stretch_section&quot;:&quot;section-stretched&quot;}\">\n\t\t\t\t\t\t<div class=\"elementor-container elementor-column-gap-default\">\n\t\t\t\t\t<div class=\"elementor-column elementor-col-100 elementor-top-column elementor-element elementor-element-c3f59ae\" data-id=\"c3f59ae\" data-element_type=\"column\">\n\t\t\t<div class=\"elementor-widget-wrap\">\n\t\t\t\t\t\t\t<\/div>\n\t\t<\/div>\n\t\t\t\t\t<\/div>\n\t\t<\/section>\n\t\t\t\t<section class=\"elementor-section elementor-top-section elementor-element elementor-element-8ff52b3 elementor-section-stretched elementor-section-full_width terminal-1-section elementor-section-height-default elementor-section-height-default\" data-id=\"8ff52b3\" data-element_type=\"section\" data-settings=\"{&quot;stretch_section&quot;:&quot;section-stretched&quot;,&quot;background_background&quot;:&quot;classic&quot;}\">\n\t\t\t\t\t\t<div class=\"elementor-container elementor-column-gap-default\">\n\t\t\t\t\t<div class=\"elementor-column elementor-col-100 elementor-top-column elementor-element elementor-element-3322113\" data-id=\"3322113\" data-element_type=\"column\">\n\t\t\t<div class=\"elementor-widget-wrap elementor-element-populated\">\n\t\t\t\t\t\t<div class=\"elementor-element elementor-element-0cd2cab elementor-widget elementor-widget-text-editor\" data-id=\"0cd2cab\" data-element_type=\"widget\" data-settings=\"{&quot;_animation&quot;:&quot;none&quot;,&quot;_animation_delay&quot;:200}\" data-widget_type=\"text-editor.default\">\n\t\t\t\t<div class=\"elementor-widget-container\">\n\t\t\t\t\t\t\t\t\t<div class=\"txt-mid\">Terminal Samochodowy Koroszczyn jest <span style=\"color: #be214f;\">og\u00f3lnodost\u0119pny<\/span> \u2013 czynny 24\/7.<\/div>\t\t\t\t\t\t\t\t<\/div>\n\t\t\t\t<\/div>\n\t\t\t\t\t<\/div>\n\t\t<\/div>\n\t\t\t\t\t<\/div>\n\t\t<\/section>\n\t\t\t\t<section class=\"elementor-section elementor-top-section elementor-element elementor-element-57a97e5 elementor-section-stretched border-100-width elementor-section-boxed elementor-section-height-default elementor-section-height-default\" data-id=\"57a97e5\" data-element_type=\"section\" data-settings=\"{&quot;stretch_section&quot;:&quot;section-stretched&quot;,&quot;background_background&quot;:&quot;classic&quot;}\">\n\t\t\t\t\t\t<div class=\"elementor-container elementor-column-gap-default\">\n\t\t\t\t\t<div class=\"elementor-column elementor-col-100 elementor-top-column elementor-element elementor-element-9a4a4e9\" data-id=\"9a4a4e9\" data-element_type=\"column\">\n\t\t\t<div class=\"elementor-widget-wrap\">\n\t\t\t\t\t\t\t<\/div>\n\t\t<\/div>\n\t\t\t\t\t<\/div>\n\t\t<\/section>\n\t\t\t\t<section class=\"elementor-section elementor-top-section elementor-element elementor-element-3968d20 elementor-section-stretched elementor-section-full_width terminal-1-section  elementor-section-height-default elementor-section-height-default\" data-id=\"3968d20\" data-element_type=\"section\" data-settings=\"{&quot;stretch_section&quot;:&quot;section-stretched&quot;}\">\n\t\t\t\t\t\t<div class=\"elementor-container elementor-column-gap-default\">\n\t\t\t\t\t<div class=\"elementor-column elementor-col-100 elementor-top-column elementor-element elementor-element-822f4d6\" data-id=\"822f4d6\" data-element_type=\"column\">\n\t\t\t<div class=\"elementor-widget-wrap elementor-element-populated\">\n\t\t\t\t\t\t<div class=\"elementor-element elementor-element-4ad3d85 col-60-width elementor-widget elementor-widget-text-editor\" data-id=\"4ad3d85\" data-element_type=\"widget\" data-settings=\"{&quot;_animation&quot;:&quot;none&quot;,&quot;_animation_delay&quot;:200}\" data-widget_type=\"text-editor.default\">\n\t\t\t\t<div class=\"elementor-widget-container\">\n\t\t\t\t\t\t\t\t\t<div class=\"txt-max\">Tereny Inwestycyjne<\/div>\t\t\t\t\t\t\t\t<\/div>\n\t\t\t\t<\/div>\n\t\t\t\t<div class=\"elementor-element elementor-element-5b0765c col-45-width elementor-widget elementor-widget-text-editor\" data-id=\"5b0765c\" data-element_type=\"widget\" data-settings=\"{&quot;_animation&quot;:&quot;none&quot;,&quot;_animation_delay&quot;:300}\" data-widget_type=\"text-editor.default\">\n\t\t\t\t<div class=\"elementor-widget-container\">\n\t\t\t\t\t\t\t\t\t<div class=\"txt-min\">Polskie Konsorcjum Gospodarcze jest w\u0142a\u015bcicielem nieruchomo\u015bci gruntowych po\u0142o\u017conych wok\u00f3\u0142 Terminala Samochodowego w Koroszczynie. <\/div>\t\t\t\t\t\t\t\t<\/div>\n\t\t\t\t<\/div>\n\t\t\t\t\t<\/div>\n\t\t<\/div>\n\t\t\t\t\t<\/div>\n\t\t<\/section>\n\t\t\t\t<section class=\"elementor-section elementor-top-section elementor-element elementor-element-5d51f24 elementor-section-boxed elementor-section-height-default elementor-section-height-default\" data-id=\"5d51f24\" data-element_type=\"section\">\n\t\t\t\t\t\t<div class=\"elementor-container elementor-column-gap-default\">\n\t\t\t\t\t<div class=\"elementor-column elementor-col-50 elementor-top-column elementor-element elementor-element-75ab639\" data-id=\"75ab639\" data-element_type=\"column\">\n\t\t\t<div class=\"elementor-widget-wrap elementor-element-populated\">\n\t\t\t\t\t\t<div class=\"elementor-element elementor-element-b11e1d6 elementor-widget elementor-widget-image\" data-id=\"b11e1d6\" data-element_type=\"widget\" data-widget_type=\"image.default\">\n\t\t\t\t<div class=\"elementor-widget-container\">\n\t\t\t\t\t\t\t\t\t\t\t\t\t\t\t<img decoding=\"async\" width=\"800\" height=\"249\" src=\"https:\/\/www.pkgsa.pl\/wp-content\/uploads\/terminal.png\" class=\"attachment-large size-large wp-image-594\" alt=\"\" srcset=\"https:\/\/www.pkgsa.pl\/wp-content\/uploads\/terminal.png 901w, https:\/\/www.pkgsa.pl\/wp-content\/uploads\/terminal-300x93.png 300w, https:\/\/www.pkgsa.pl\/wp-content\/uploads\/terminal-768x239.png 768w\" sizes=\"(max-width: 800px) 100vw, 800px\" \/>\t\t\t\t\t\t\t\t\t\t\t\t\t\t\t<\/div>\n\t\t\t\t<\/div>\n\t\t\t\t\t<\/div>\n\t\t<\/div>\n\t\t\t\t<div class=\"elementor-column elementor-col-50 elementor-top-column elementor-element elementor-element-7411cc0\" data-id=\"7411cc0\" data-element_type=\"column\">\n\t\t\t<div class=\"elementor-widget-wrap elementor-element-populated\">\n\t\t\t\t\t\t<div class=\"elementor-element elementor-element-5b7389c elementor-widget elementor-widget-text-editor\" data-id=\"5b7389c\" data-element_type=\"widget\" data-widget_type=\"text-editor.default\">\n\t\t\t\t<div class=\"elementor-widget-container\">\n\t\t\t\t\t\t\t\t\t<table class=\"terminal-table-2\" style=\"border: none; margin-left: 40px; text-transform: uppercase; color: #313131;\">\n<tbody>\n<tr>\n<td>INDEKS<\/td>\n<td>POWIERZCHNIA (ha)<\/td>\n<td>UWAGI<\/td>\n<\/tr>\n<tr>\n<td>TSK 5<\/td>\n<td>6,4<\/td>\n<td><\/td>\n<\/tr>\n<tr>\n<td>TSK 6<\/td>\n<td>3,2<\/td>\n<td><\/td>\n<\/tr>\n<\/tbody>\n<\/table>\t\t\t\t\t\t\t\t<\/div>\n\t\t\t\t<\/div>\n\t\t\t\t\t<\/div>\n\t\t<\/div>\n\t\t\t\t\t<\/div>\n\t\t<\/section>\n\t\t\t\t<section class=\"elementor-section elementor-top-section elementor-element elementor-element-83ce732 elementor-section-stretched elementor-section-full_width terminal-1-section  elementor-section-height-default elementor-section-height-default\" data-id=\"83ce732\" data-element_type=\"section\" data-settings=\"{&quot;stretch_section&quot;:&quot;section-stretched&quot;}\">\n\t\t\t\t\t\t<div class=\"elementor-container elementor-column-gap-default\">\n\t\t\t\t\t<div class=\"elementor-column elementor-col-100 elementor-top-column elementor-element elementor-element-b429b69\" data-id=\"b429b69\" data-element_type=\"column\">\n\t\t\t<div class=\"elementor-widget-wrap elementor-element-populated\">\n\t\t\t\t\t\t<div class=\"elementor-element elementor-element-9d828f7 col-75-width elementor-widget elementor-widget-text-editor\" data-id=\"9d828f7\" data-element_type=\"widget\" data-settings=\"{&quot;_animation&quot;:&quot;none&quot;,&quot;_animation_delay&quot;:200}\" data-widget_type=\"text-editor.default\">\n\t\t\t\t<div class=\"elementor-widget-container\">\n\t\t\t\t\t\t\t\t\t<div>Dzia\u0142ki TSK 1,2,3,4 &#8211; planowana rozbudowa dpg Koroszczyn<\/div>\n<div>Dzia\u0142ki TSK 5 i TSK 6 przeznaczone s\u0105 pod zabudow\u0119 handlowo-us\u0142ugow\u0105.<\/div>\n<div>Serdecznie zapraszamy do <strong>wsp\u00f3\u0142pracy<\/strong><\/div>\t\t\t\t\t\t\t\t<\/div>\n\t\t\t\t<\/div>\n\t\t\t\t\t<\/div>\n\t\t<\/div>\n\t\t\t\t\t<\/div>\n\t\t<\/section>\n\t\t\t\t<section class=\"elementor-section elementor-top-section elementor-element elementor-element-18496a6 elementor-section-stretched border-100-width elementor-section-boxed elementor-section-height-default elementor-section-height-default\" data-id=\"18496a6\" data-element_type=\"section\" data-settings=\"{&quot;stretch_section&quot;:&quot;section-stretched&quot;,&quot;background_background&quot;:&quot;classic&quot;}\">\n\t\t\t\t\t\t<div class=\"elementor-container elementor-column-gap-default\">\n\t\t\t\t\t<div class=\"elementor-column elementor-col-100 elementor-top-column elementor-element elementor-element-5d53f40\" data-id=\"5d53f40\" data-element_type=\"column\">\n\t\t\t<div class=\"elementor-widget-wrap\">\n\t\t\t\t\t\t\t<\/div>\n\t\t<\/div>\n\t\t\t\t\t<\/div>\n\t\t<\/section>\n\t\t\t\t<section class=\"elementor-section elementor-top-section elementor-element elementor-element-f552dfc elementor-section-stretched elementor-section-full_width elementor-section-content-middle elementor-section-height-default elementor-section-height-default\" data-id=\"f552dfc\" data-element_type=\"section\" data-settings=\"{&quot;stretch_section&quot;:&quot;section-stretched&quot;}\">\n\t\t\t\t\t\t<div class=\"elementor-container elementor-column-gap-default\">\n\t\t\t\t\t<div class=\"elementor-column elementor-col-50 elementor-top-column elementor-element elementor-element-33c1734\" data-id=\"33c1734\" data-element_type=\"column\">\n\t\t\t<div class=\"elementor-widget-wrap elementor-element-populated\">\n\t\t\t\t\t\t<div class=\"elementor-element elementor-element-dfd4d0b elementor-align-right team-btn terminal-btn elementor-widget elementor-widget-button\" data-id=\"dfd4d0b\" data-element_type=\"widget\" data-widget_type=\"button.default\">\n\t\t\t\t<div class=\"elementor-widget-container\">\n\t\t\t\t\t\t\t\t\t<div class=\"elementor-button-wrapper\">\n\t\t\t\t\t<a class=\"elementor-button elementor-button-link elementor-size-md\" href=\"https:\/\/www.youtube.com\/watch?v=McAIlWIpg18\">\n\t\t\t\t\t\t<span class=\"elementor-button-content-wrapper\">\n\t\t\t\t\t\t\t\t\t<span class=\"elementor-button-text\">OBEJRZYJ FILM +<\/span>\n\t\t\t\t\t<\/span>\n\t\t\t\t\t<\/a>\n\t\t\t\t<\/div>\n\t\t\t\t\t\t\t\t<\/div>\n\t\t\t\t<\/div>\n\t\t\t\t\t<\/div>\n\t\t<\/div>\n\t\t\t\t<div class=\"elementor-column elementor-col-50 elementor-top-column elementor-element elementor-element-77e8021\" data-id=\"77e8021\" data-element_type=\"column\">\n\t\t\t<div class=\"elementor-widget-wrap elementor-element-populated\">\n\t\t\t\t\t\t<div class=\"elementor-element elementor-element-4f5f31a elementor-widget elementor-widget-video\" data-id=\"4f5f31a\" data-element_type=\"widget\" data-settings=\"{&quot;youtube_url&quot;:&quot;https:\\\/\\\/www.youtube.com\\\/watch?v=McAIlWIpg18&quot;,&quot;mute&quot;:&quot;yes&quot;,&quot;show_image_overlay&quot;:&quot;yes&quot;,&quot;image_overlay&quot;:{&quot;url&quot;:&quot;http:\\\/\\\/pkg.tvorcza-test.pl\\\/wp-content\\\/uploads\\\/pkg-film.jpg&quot;,&quot;id&quot;:470,&quot;size&quot;:&quot;&quot;},&quot;video_type&quot;:&quot;youtube&quot;,&quot;controls&quot;:&quot;yes&quot;}\" data-widget_type=\"video.default\">\n\t\t\t\t<div class=\"elementor-widget-container\">\n\t\t\t\t\t\t\t<div class=\"elementor-wrapper elementor-open-inline\">\n\t\t\t<div class=\"elementor-video\"><\/div>\t\t\t\t<div class=\"elementor-custom-embed-image-overlay\" style=\"background-image: url(https:\/\/www.pkgsa.pl\/wp-content\/uploads\/pkg-film.jpg);\">\n\t\t\t\t\t\t\t\t\t\t\t\t\t\t\t\t<div class=\"elementor-custom-embed-play\" role=\"button\" aria-label=\"Odtw\u00f3rz wideo\" tabindex=\"0\">\n\t\t\t\t\t\t\t<i aria-hidden=\"true\" class=\"eicon-play\"><\/i>\t\t\t\t\t\t<\/div>\n\t\t\t\t\t\t\t\t\t<\/div>\n\t\t\t\t\t<\/div>\n\t\t\t\t\t\t<\/div>\n\t\t\t\t<\/div>\n\t\t\t\t\t<\/div>\n\t\t<\/div>\n\t\t\t\t\t<\/div>\n\t\t<\/section>\n\t\t\t\t<\/div>\n\t\t","protected":false},"excerpt":{"rendered":"<p>Terminal Samochodowy KoroszczynW latach 1996-1998 przeprowadzono inwestycj\u0119 Terminal Samochodowy Koroszczyn. Obiekt zosta\u0142 wybudowany w ramach partnerstwa publiczno-prywatnego. W 1999 r. zosta\u0142 wyr\u00f3\u017cniony tytu\u0142em Budowa Roku.Terminal zlokalizowany jest w miejscowo\u015bci Koroszczyn na g\u0142\u00f3wnym szlaku komunikacyjnym Europy tzw. paneuropejskim korytarzu transportowym, z Berlina przez Warszaw\u0119, Mi\u0144sk do Moskwy i stanowi wraz z zabezpieczon\u0105 i o\u015bwietlon\u0105 drog\u0105 celn\u0105, terytorium drogowego przej\u015bcia granicznego Kukuryki\/Koz\u0142owicze na granicy polsko-bia\u0142oruskiej. Terminal zosta\u0142 wyposa\u017cony w zestaw obiekt\u00f3w funkcjonalnych przeznaczonych dla potrzeb stra\u017cy granicznej, s\u0142u\u017cb celnych, s\u0142u\u017cb sanitarnych, fitosanitarnych oraz obiekt\u00f3w komercyjnych \u2013 pracuj\u0105cych na rzecz odprawianych towar\u00f3w, pojazd\u00f3w i os\u00f3b. Terminal podzielono na cz\u0119\u015b\u0107 komercyjn\u0105 i bud\u017cetow\u0105. W\u0142a\u015bcicielem cz\u0119\u015bci komercyjnej jestPolskie Konsorcjum Gospodarcze.W sk\u0142ad cz\u0119\u015bci komercyjnej wchodzi budynek o powierzchni 6.4 tys. m\u00b2 oraz 18,6 ha teren\u00f3w inwestycyjnych. Ca\u0142y teren otoczony jest od p\u00f3\u0142nocy drog\u0105 Nr 68, a od po\u0142udnia \u0142ukiem projektowanej autostrady A-2. Zjazdy z autostrady s\u0105 zaprojektowane tak, aby wjazd na terminal nie sprawia\u0142 trudno\u015bci.W obiekcie&hellip;<\/p>\n<p> <a class=\"more-link\" href=\"https:\/\/www.pkgsa.pl\/?page_id=355\">Dowiedz si\u0119 wi\u0119cej<\/a><\/p>\n","protected":false},"author":1,"featured_media":0,"parent":0,"menu_order":0,"comment_status":"closed","ping_status":"closed","template":"","meta":{"inline_featured_image":false,"footnotes":""},"_links":{"self":[{"href":"https:\/\/www.pkgsa.pl\/index.php?rest_route=\/wp\/v2\/pages\/355"}],"collection":[{"href":"https:\/\/www.pkgsa.pl\/index.php?rest_route=\/wp\/v2\/pages"}],"about":[{"href":"https:\/\/www.pkgsa.pl\/index.php?rest_route=\/wp\/v2\/types\/page"}],"author":[{"embeddable":true,"href":"https:\/\/www.pkgsa.pl\/index.php?rest_route=\/wp\/v2\/users\/1"}],"replies":[{"embeddable":true,"href":"https:\/\/www.pkgsa.pl\/index.php?rest_route=%2Fwp%2Fv2%2Fcomments&post=355"}],"version-history":[{"count":84,"href":"https:\/\/www.pkgsa.pl\/index.php?rest_route=\/wp\/v2\/pages\/355\/revisions"}],"predecessor-version":[{"id":1169,"href":"https:\/\/www.pkgsa.pl\/index.php?rest_route=\/wp\/v2\/pages\/355\/revisions\/1169"}],"wp:attachment":[{"href":"https:\/\/www.pkgsa.pl\/index.php?rest_route=%2Fwp%2Fv2%2Fmedia&parent=355"}],"curies":[{"name":"wp","href":"https:\/\/api.w.org\/{rel}","templated":true}]}}