{"id":276,"date":"2020-07-07T18:10:53","date_gmt":"2020-07-07T16:10:53","guid":{"rendered":"http:\/\/pkg.tvorcza-test.pl\/?page_id=276"},"modified":"2024-05-06T21:31:10","modified_gmt":"2024-05-06T19:31:10","slug":"zespol","status":"publish","type":"page","link":"https:\/\/www.pkgsa.pl\/?page_id=276","title":{"rendered":"Zesp\u00f3\u0142"},"content":{"rendered":"\t\t<div data-elementor-type=\"wp-page\" data-elementor-id=\"276\" class=\"elementor elementor-276\">\n\t\t\t\t\t\t<section class=\"elementor-section elementor-top-section elementor-element elementor-element-b452428 col-height elementor-section-boxed elementor-section-height-default elementor-section-height-default\" data-id=\"b452428\" data-element_type=\"section\">\n\t\t\t\t\t\t<div class=\"elementor-container elementor-column-gap-default\">\n\t\t\t\t\t<div class=\"elementor-column elementor-col-100 elementor-top-column elementor-element elementor-element-568f78f\" data-id=\"568f78f\" data-element_type=\"column\">\n\t\t\t<div class=\"elementor-widget-wrap elementor-element-populated\">\n\t\t\t\t\t\t<div class=\"elementor-element elementor-element-6941ce1 txt-mid txt-mid-header  elementor-widget elementor-widget-text-editor\" data-id=\"6941ce1\" data-element_type=\"widget\" data-widget_type=\"text-editor.default\">\n\t\t\t\t<div class=\"elementor-widget-container\">\n\t\t\t\t\t\t\t\t\t<p>Zesp\u00f3\u0142<\/p>\t\t\t\t\t\t\t\t<\/div>\n\t\t\t\t<\/div>\n\t\t\t\t\t<\/div>\n\t\t<\/div>\n\t\t\t\t\t<\/div>\n\t\t<\/section>\n\t\t\t\t<section class=\"elementor-section elementor-top-section elementor-element elementor-element-6aa7570 elementor-section-stretched elementor-section-full_width team-section section-border-rwd elementor-section-height-default elementor-section-height-default\" data-id=\"6aa7570\" data-element_type=\"section\" data-settings=\"{&quot;stretch_section&quot;:&quot;section-stretched&quot;}\">\n\t\t\t\t\t\t<div class=\"elementor-container elementor-column-gap-default\">\n\t\t\t\t\t<div class=\"elementor-column elementor-col-25 elementor-top-column elementor-element elementor-element-82a7463 border-team\" data-id=\"82a7463\" data-element_type=\"column\">\n\t\t\t<div class=\"elementor-widget-wrap elementor-element-populated\">\n\t\t\t\t\t\t<div class=\"elementor-element elementor-element-0183730 img-team elementor-widget elementor-widget-image\" data-id=\"0183730\" data-element_type=\"widget\" data-widget_type=\"image.default\">\n\t\t\t\t<div class=\"elementor-widget-container\">\n\t\t\t\t\t\t\t\t\t\t\t\t\t\t\t<img fetchpriority=\"high\" decoding=\"async\" width=\"560\" height=\"701\" src=\"https:\/\/www.pkgsa.pl\/wp-content\/uploads\/Renata-Kozio\u0142.jpg\" class=\"attachment-large size-large wp-image-288\" alt=\"\" srcset=\"https:\/\/www.pkgsa.pl\/wp-content\/uploads\/Renata-Kozio\u0142.jpg 560w, https:\/\/www.pkgsa.pl\/wp-content\/uploads\/Renata-Kozio\u0142-240x300.jpg 240w\" sizes=\"(max-width: 560px) 100vw, 560px\" \/>\t\t\t\t\t\t\t\t\t\t\t\t\t\t\t<\/div>\n\t\t\t\t<\/div>\n\t\t\t\t<div class=\"elementor-element elementor-element-30075b3 elementor-widget elementor-widget-text-editor\" data-id=\"30075b3\" data-element_type=\"widget\" data-widget_type=\"text-editor.default\">\n\t\t\t\t<div class=\"elementor-widget-container\">\n\t\t\t\t\t\t\t\t\t<p class=\"txt-min\"><span class=\"span-color\">Prezes Zarz\u0105du<\/span><br \/>Renata Kozio\u0142<br \/><a href=\"mailto:rk@pkgsa.pl\">rk@pkgsa.pl<\/a><\/p>\t\t\t\t\t\t\t\t<\/div>\n\t\t\t\t<\/div>\n\t\t\t\t\t<\/div>\n\t\t<\/div>\n\t\t\t\t<div class=\"elementor-column elementor-col-25 elementor-top-column elementor-element elementor-element-3547697 border-team\" data-id=\"3547697\" data-element_type=\"column\">\n\t\t\t<div class=\"elementor-widget-wrap elementor-element-populated\">\n\t\t\t\t\t\t<div class=\"elementor-element elementor-element-de7a700 img-team elementor-widget elementor-widget-image\" data-id=\"de7a700\" data-element_type=\"widget\" data-widget_type=\"image.default\">\n\t\t\t\t<div class=\"elementor-widget-container\">\n\t\t\t\t\t\t\t\t\t\t\t\t\t\t\t<img decoding=\"async\" width=\"570\" height=\"701\" src=\"https:\/\/www.pkgsa.pl\/wp-content\/uploads\/DSC_0365ab-6.jpg\" class=\"attachment-large size-large wp-image-885\" alt=\"\" srcset=\"https:\/\/www.pkgsa.pl\/wp-content\/uploads\/DSC_0365ab-6.jpg 570w, https:\/\/www.pkgsa.pl\/wp-content\/uploads\/DSC_0365ab-6-244x300.jpg 244w\" sizes=\"(max-width: 570px) 100vw, 570px\" \/>\t\t\t\t\t\t\t\t\t\t\t\t\t\t\t<\/div>\n\t\t\t\t<\/div>\n\t\t\t\t<div class=\"elementor-element elementor-element-e7fc79a elementor-widget elementor-widget-text-editor\" data-id=\"e7fc79a\" data-element_type=\"widget\" data-widget_type=\"text-editor.default\">\n\t\t\t\t<div class=\"elementor-widget-container\">\n\t\t\t\t\t\t\t\t\t<p class=\"txt-min\"><span class=\"span-color\">Wiceprezes Zarz\u0105du<\/span><br \/>Krzysztof Dziewicki<\/p>\t\t\t\t\t\t\t\t<\/div>\n\t\t\t\t<\/div>\n\t\t\t\t\t<\/div>\n\t\t<\/div>\n\t\t\t\t<div class=\"elementor-column elementor-col-25 elementor-top-column elementor-element elementor-element-b277b17 border-team\" data-id=\"b277b17\" data-element_type=\"column\">\n\t\t\t<div class=\"elementor-widget-wrap elementor-element-populated\">\n\t\t\t\t\t\t<div class=\"elementor-element elementor-element-15a6643 img-team elementor-widget elementor-widget-image\" data-id=\"15a6643\" data-element_type=\"widget\" data-widget_type=\"image.default\">\n\t\t\t\t<div class=\"elementor-widget-container\">\n\t\t\t\t\t\t\t\t\t\t\t\t\t\t\t<img decoding=\"async\" width=\"560\" height=\"701\" src=\"https:\/\/www.pkgsa.pl\/wp-content\/uploads\/Beata-\u017buk-Pietrzak.jpg\" class=\"attachment-large size-large wp-image-284\" alt=\"\" srcset=\"https:\/\/www.pkgsa.pl\/wp-content\/uploads\/Beata-\u017buk-Pietrzak.jpg 560w, https:\/\/www.pkgsa.pl\/wp-content\/uploads\/Beata-\u017buk-Pietrzak-240x300.jpg 240w\" sizes=\"(max-width: 560px) 100vw, 560px\" \/>\t\t\t\t\t\t\t\t\t\t\t\t\t\t\t<\/div>\n\t\t\t\t<\/div>\n\t\t\t\t<div class=\"elementor-element elementor-element-dfa7188 elementor-widget elementor-widget-text-editor\" data-id=\"dfa7188\" data-element_type=\"widget\" data-widget_type=\"text-editor.default\">\n\t\t\t\t<div class=\"elementor-widget-container\">\n\t\t\t\t\t\t\t\t\t<p class=\"txt-min\"><span class=\"span-color\">Prokurent, Kadry i P\u0142ace, BHP,\nKierownik agencji bankowej Koroszczyn<br>\n<\/span>\nBeata \u017buk-Pietrzak<br>\n<a href=\"mailto:bp@pkgsa.pl\">bp@pkgsa.pl<\/a><\/p>\t\t\t\t\t\t\t\t<\/div>\n\t\t\t\t<\/div>\n\t\t\t\t\t<\/div>\n\t\t<\/div>\n\t\t\t\t<div class=\"elementor-column elementor-col-25 elementor-top-column elementor-element elementor-element-1924863 border-team\" data-id=\"1924863\" data-element_type=\"column\">\n\t\t\t<div class=\"elementor-widget-wrap elementor-element-populated\">\n\t\t\t\t\t\t<div class=\"elementor-element elementor-element-25ab62e img-team elementor-widget elementor-widget-image\" data-id=\"25ab62e\" data-element_type=\"widget\" data-widget_type=\"image.default\">\n\t\t\t\t<div class=\"elementor-widget-container\">\n\t\t\t\t\t\t\t\t\t\t\t\t\t\t\t<img loading=\"lazy\" decoding=\"async\" width=\"560\" height=\"701\" src=\"https:\/\/www.pkgsa.pl\/wp-content\/uploads\/Magdalena-Zaprzaluk.jpg\" class=\"attachment-large size-large wp-image-287\" alt=\"\" srcset=\"https:\/\/www.pkgsa.pl\/wp-content\/uploads\/Magdalena-Zaprzaluk.jpg 560w, https:\/\/www.pkgsa.pl\/wp-content\/uploads\/Magdalena-Zaprzaluk-240x300.jpg 240w\" sizes=\"(max-width: 560px) 100vw, 560px\" \/>\t\t\t\t\t\t\t\t\t\t\t\t\t\t\t<\/div>\n\t\t\t\t<\/div>\n\t\t\t\t<div class=\"elementor-element elementor-element-9757d70 elementor-widget elementor-widget-text-editor\" data-id=\"9757d70\" data-element_type=\"widget\" data-widget_type=\"text-editor.default\">\n\t\t\t\t<div class=\"elementor-widget-container\">\n\t\t\t\t\t\t\t\t\t<p class=\"txt-min\"><span class=\"span-color\">Asystentka Zarz\u0105du<br>\n<\/span>\nMagdalena Zaprzaluk<br>\n<a href=\"mailto:koroszczyn@pkgsa.pl\">koroszczyn@pkgsa.pl<\/a><\/p>\t\t\t\t\t\t\t\t<\/div>\n\t\t\t\t<\/div>\n\t\t\t\t\t<\/div>\n\t\t<\/div>\n\t\t\t\t\t<\/div>\n\t\t<\/section>\n\t\t\t\t<section class=\"elementor-section elementor-top-section elementor-element elementor-element-5574059 elementor-section-stretched elementor-section-full_width team-section team-section-2 elementor-section-height-default elementor-section-height-default\" data-id=\"5574059\" data-element_type=\"section\" data-settings=\"{&quot;stretch_section&quot;:&quot;section-stretched&quot;}\">\n\t\t\t\t\t\t<div class=\"elementor-container elementor-column-gap-default\">\n\t\t\t\t\t<div class=\"elementor-column elementor-col-25 elementor-top-column elementor-element elementor-element-36c822f border-team\" data-id=\"36c822f\" data-element_type=\"column\">\n\t\t\t<div class=\"elementor-widget-wrap elementor-element-populated\">\n\t\t\t\t\t\t<div class=\"elementor-element elementor-element-628b289 img-team elementor-widget elementor-widget-image\" data-id=\"628b289\" data-element_type=\"widget\" data-widget_type=\"image.default\">\n\t\t\t\t<div class=\"elementor-widget-container\">\n\t\t\t\t\t\t\t\t\t\t\t\t\t\t\t<img loading=\"lazy\" decoding=\"async\" width=\"560\" height=\"701\" src=\"https:\/\/www.pkgsa.pl\/wp-content\/uploads\/\u0141ukasz-Tur-1.jpg\" class=\"attachment-large size-large wp-image-543\" alt=\"\" srcset=\"https:\/\/www.pkgsa.pl\/wp-content\/uploads\/\u0141ukasz-Tur-1.jpg 560w, https:\/\/www.pkgsa.pl\/wp-content\/uploads\/\u0141ukasz-Tur-1-240x300.jpg 240w\" sizes=\"(max-width: 560px) 100vw, 560px\" \/>\t\t\t\t\t\t\t\t\t\t\t\t\t\t\t<\/div>\n\t\t\t\t<\/div>\n\t\t\t\t<div class=\"elementor-element elementor-element-c1a2045 elementor-widget elementor-widget-text-editor\" data-id=\"c1a2045\" data-element_type=\"widget\" data-widget_type=\"text-editor.default\">\n\t\t\t\t<div class=\"elementor-widget-container\">\n\t\t\t\t\t\t\t\t\t<p class=\"txt-min\"><span class=\"span-color\">Kierownik ds. utrzymania obiektu\nTS Koroszczyn<br>\n<\/span>\u0141ukasz Tur<br>\n<a href=\"mailto:lukasz.tur@pkgsa.pl\">lukasz.tur@pkgsa.pl<\/a><\/p>\t\t\t\t\t\t\t\t<\/div>\n\t\t\t\t<\/div>\n\t\t\t\t\t<\/div>\n\t\t<\/div>\n\t\t\t\t<div class=\"elementor-column elementor-col-25 elementor-top-column elementor-element elementor-element-c344eb8 border-team\" data-id=\"c344eb8\" data-element_type=\"column\">\n\t\t\t<div class=\"elementor-widget-wrap elementor-element-populated\">\n\t\t\t\t\t\t<div class=\"elementor-element elementor-element-0e74ed3 img-team elementor-widget elementor-widget-image\" data-id=\"0e74ed3\" data-element_type=\"widget\" data-widget_type=\"image.default\">\n\t\t\t\t<div class=\"elementor-widget-container\">\n\t\t\t\t\t\t\t\t\t\t\t\t\t\t\t<img loading=\"lazy\" decoding=\"async\" width=\"560\" height=\"701\" src=\"https:\/\/www.pkgsa.pl\/wp-content\/uploads\/Agnieszka-1.jpg\" class=\"attachment-large size-large wp-image-1012\" alt=\"\" srcset=\"https:\/\/www.pkgsa.pl\/wp-content\/uploads\/Agnieszka-1.jpg 560w, https:\/\/www.pkgsa.pl\/wp-content\/uploads\/Agnieszka-1-240x300.jpg 240w\" sizes=\"(max-width: 560px) 100vw, 560px\" \/>\t\t\t\t\t\t\t\t\t\t\t\t\t\t\t<\/div>\n\t\t\t\t<\/div>\n\t\t\t\t<div class=\"elementor-element elementor-element-305c342 elementor-widget elementor-widget-text-editor\" data-id=\"305c342\" data-element_type=\"widget\" data-widget_type=\"text-editor.default\">\n\t\t\t\t<div class=\"elementor-widget-container\">\n\t\t\t\t\t\t\t\t\t<p class=\"txt-min\"><span class=\"span-color\">Kierownik Oddzia\u0142 Korczowa<br>\n<\/span>\nAgnieszka Behot<br>\n<a href=\"mailto:agnieszka.behot@pkgsa.pl\">agnieszka.behot@pkgsa.pl<\/a><\/p>\t\t\t\t\t\t\t\t<\/div>\n\t\t\t\t<\/div>\n\t\t\t\t\t<\/div>\n\t\t<\/div>\n\t\t\t\t<div class=\"elementor-column elementor-col-25 elementor-top-column elementor-element elementor-element-5a489ac\" data-id=\"5a489ac\" data-element_type=\"column\">\n\t\t\t<div class=\"elementor-widget-wrap elementor-element-populated\">\n\t\t\t\t\t\t<div class=\"elementor-element elementor-element-bb8e121 img-team elementor-widget elementor-widget-image\" data-id=\"bb8e121\" data-element_type=\"widget\" data-widget_type=\"image.default\">\n\t\t\t\t<div class=\"elementor-widget-container\">\n\t\t\t\t\t\t\t\t\t\t\t\t\t\t\t<img loading=\"lazy\" decoding=\"async\" width=\"560\" height=\"701\" src=\"https:\/\/www.pkgsa.pl\/wp-content\/uploads\/Anna-Wawryszuk.jpg\" class=\"attachment-large size-large wp-image-283\" alt=\"\" srcset=\"https:\/\/www.pkgsa.pl\/wp-content\/uploads\/Anna-Wawryszuk.jpg 560w, https:\/\/www.pkgsa.pl\/wp-content\/uploads\/Anna-Wawryszuk-240x300.jpg 240w\" sizes=\"(max-width: 560px) 100vw, 560px\" \/>\t\t\t\t\t\t\t\t\t\t\t\t\t\t\t<\/div>\n\t\t\t\t<\/div>\n\t\t\t\t<div class=\"elementor-element elementor-element-af19bf2 elementor-widget elementor-widget-text-editor\" data-id=\"af19bf2\" data-element_type=\"widget\" data-widget_type=\"text-editor.default\">\n\t\t\t\t<div class=\"elementor-widget-container\">\n\t\t\t\t\t\t\t\t\t<p class=\"txt-min\"><span class=\"span-color\">Ksi\u0119gowo\u015b\u0107\n<\/span><br>\nAnna Wawryszuk<br>\n<a href=\"mailto:aw@pkgsa.pl\">aw@pkgsa.pl<\/a><\/p>\t\t\t\t\t\t\t\t<\/div>\n\t\t\t\t<\/div>\n\t\t\t\t\t<\/div>\n\t\t<\/div>\n\t\t\t\t<div class=\"elementor-column elementor-col-25 elementor-top-column elementor-element elementor-element-3d0face\" data-id=\"3d0face\" data-element_type=\"column\">\n\t\t\t<div class=\"elementor-widget-wrap elementor-element-populated\">\n\t\t\t\t\t\t<div class=\"elementor-element elementor-element-0f40038 img-team elementor-widget elementor-widget-image\" data-id=\"0f40038\" data-element_type=\"widget\" data-widget_type=\"image.default\">\n\t\t\t\t<div class=\"elementor-widget-container\">\n\t\t\t\t\t\t\t\t\t\t\t\t\t\t\t<img loading=\"lazy\" decoding=\"async\" width=\"560\" height=\"701\" src=\"https:\/\/www.pkgsa.pl\/wp-content\/uploads\/Katarzyna-Niew\u0119g\u0142owska.jpg\" class=\"attachment-large size-large wp-image-285\" alt=\"\" srcset=\"https:\/\/www.pkgsa.pl\/wp-content\/uploads\/Katarzyna-Niew\u0119g\u0142owska.jpg 560w, https:\/\/www.pkgsa.pl\/wp-content\/uploads\/Katarzyna-Niew\u0119g\u0142owska-240x300.jpg 240w\" sizes=\"(max-width: 560px) 100vw, 560px\" \/>\t\t\t\t\t\t\t\t\t\t\t\t\t\t\t<\/div>\n\t\t\t\t<\/div>\n\t\t\t\t<div class=\"elementor-element elementor-element-552be28 elementor-widget elementor-widget-text-editor\" data-id=\"552be28\" data-element_type=\"widget\" data-widget_type=\"text-editor.default\">\n\t\t\t\t<div class=\"elementor-widget-container\">\n\t\t\t\t\t\t\t\t\t<p class=\"txt-min\"><span class=\"span-color\">Ksi\u0119gowo\u015b\u0107<br><\/span>Katarzyna Tarasiuk<br><a href=\"mailto:katarzyna.nieweglowska@pkgsa.pl\">katarzyna.tarasiuk@pkgsa.pl<\/a><\/p>\t\t\t\t\t\t\t\t<\/div>\n\t\t\t\t<\/div>\n\t\t\t\t\t<\/div>\n\t\t<\/div>\n\t\t\t\t\t<\/div>\n\t\t<\/section>\n\t\t\t\t<section class=\"elementor-section elementor-top-section elementor-element elementor-element-e984678 elementor-section-stretched border-100-width elementor-section-boxed elementor-section-height-default elementor-section-height-default\" data-id=\"e984678\" data-element_type=\"section\" data-settings=\"{&quot;stretch_section&quot;:&quot;section-stretched&quot;,&quot;background_background&quot;:&quot;classic&quot;}\">\n\t\t\t\t\t\t<div class=\"elementor-container elementor-column-gap-default\">\n\t\t\t\t\t<div class=\"elementor-column elementor-col-100 elementor-top-column elementor-element elementor-element-a55aa08\" data-id=\"a55aa08\" data-element_type=\"column\">\n\t\t\t<div class=\"elementor-widget-wrap\">\n\t\t\t\t\t\t\t<\/div>\n\t\t<\/div>\n\t\t\t\t\t<\/div>\n\t\t<\/section>\n\t\t\t\t<section class=\"elementor-section elementor-top-section elementor-element elementor-element-3f64de3 elementor-section-stretched border-100-width elementor-section-boxed elementor-section-height-default elementor-section-height-default\" data-id=\"3f64de3\" data-element_type=\"section\" data-settings=\"{&quot;stretch_section&quot;:&quot;section-stretched&quot;,&quot;background_background&quot;:&quot;classic&quot;}\">\n\t\t\t\t\t\t<div class=\"elementor-container elementor-column-gap-default\">\n\t\t\t\t\t<div class=\"elementor-column elementor-col-100 elementor-top-column elementor-element elementor-element-08c45f0\" data-id=\"08c45f0\" data-element_type=\"column\">\n\t\t\t<div class=\"elementor-widget-wrap\">\n\t\t\t\t\t\t\t<\/div>\n\t\t<\/div>\n\t\t\t\t\t<\/div>\n\t\t<\/section>\n\t\t\t\t<section class=\"elementor-section elementor-top-section elementor-element elementor-element-486098d elementor-section-boxed elementor-section-height-default elementor-section-height-default\" data-id=\"486098d\" data-element_type=\"section\">\n\t\t\t\t\t\t<div class=\"elementor-container elementor-column-gap-default\">\n\t\t\t\t\t<div class=\"elementor-column elementor-col-50 elementor-top-column elementor-element elementor-element-59bee5a\" data-id=\"59bee5a\" data-element_type=\"column\">\n\t\t\t<div class=\"elementor-widget-wrap elementor-element-populated\">\n\t\t\t\t\t\t<div class=\"elementor-element elementor-element-730ed54 elementor-widget elementor-widget-text-editor\" data-id=\"730ed54\" data-element_type=\"widget\" data-widget_type=\"text-editor.default\">\n\t\t\t\t<div class=\"elementor-widget-container\">\n\t\t\t\t\t\t\t\t\t<div class=\"txt-mid txt-mid-header txt-mid-ac\">Embetim &#8211; Agencja Celna<\/div>\t\t\t\t\t\t\t\t<\/div>\n\t\t\t\t<\/div>\n\t\t\t\t\t<\/div>\n\t\t<\/div>\n\t\t\t\t<div class=\"elementor-column elementor-col-50 elementor-top-column elementor-element elementor-element-fea59d5\" data-id=\"fea59d5\" data-element_type=\"column\">\n\t\t\t<div class=\"elementor-widget-wrap elementor-element-populated\">\n\t\t\t\t\t\t<div class=\"elementor-element elementor-element-ae4639b elementor-align-left team-btn elementor-widget elementor-widget-button\" data-id=\"ae4639b\" data-element_type=\"widget\" data-widget_type=\"button.default\">\n\t\t\t\t<div class=\"elementor-widget-container\">\n\t\t\t\t\t\t\t\t\t<div class=\"elementor-button-wrapper\">\n\t\t\t\t\t<a class=\"elementor-button elementor-button-link elementor-size-md\" href=\"https:\/\/www.embetim.pl\/zespol\/\">\n\t\t\t\t\t\t<span class=\"elementor-button-content-wrapper\">\n\t\t\t\t\t\t\t\t\t<span class=\"elementor-button-text\">POZNAJ ZESP\u00d3\u0141 +<\/span>\n\t\t\t\t\t<\/span>\n\t\t\t\t\t<\/a>\n\t\t\t\t<\/div>\n\t\t\t\t\t\t\t\t<\/div>\n\t\t\t\t<\/div>\n\t\t\t\t\t<\/div>\n\t\t<\/div>\n\t\t\t\t\t<\/div>\n\t\t<\/section>\n\t\t\t\t<\/div>\n\t\t","protected":false},"excerpt":{"rendered":"<p>Zesp\u00f3\u0142 Prezes Zarz\u0105duRenata Kozio\u0142rk@pkgsa.pl Wiceprezes Zarz\u0105duKrzysztof Dziewicki Prokurent, Kadry i P\u0142ace, BHP, Kierownik agencji bankowej Koroszczyn Beata \u017buk-Pietrzak bp@pkgsa.pl Asystentka Zarz\u0105du Magdalena Zaprzaluk koroszczyn@pkgsa.pl Kierownik ds. utrzymania obiektu TS Koroszczyn \u0141ukasz Tur lukasz.tur@pkgsa.pl Kierownik Oddzia\u0142 Korczowa Agnieszka Behot agnieszka.behot@pkgsa.pl Ksi\u0119gowo\u015b\u0107 Anna Wawryszuk aw@pkgsa.pl Ksi\u0119gowo\u015b\u0107Katarzyna Tarasiukkatarzyna.tarasiuk@pkgsa.pl Embetim &#8211; Agencja Celna POZNAJ ZESP\u00d3\u0141 +<\/p>\n","protected":false},"author":1,"featured_media":0,"parent":0,"menu_order":0,"comment_status":"closed","ping_status":"closed","template":"","meta":{"inline_featured_image":false,"footnotes":""},"_links":{"self":[{"href":"https:\/\/www.pkgsa.pl\/index.php?rest_route=\/wp\/v2\/pages\/276"}],"collection":[{"href":"https:\/\/www.pkgsa.pl\/index.php?rest_route=\/wp\/v2\/pages"}],"about":[{"href":"https:\/\/www.pkgsa.pl\/index.php?rest_route=\/wp\/v2\/types\/page"}],"author":[{"embeddable":true,"href":"https:\/\/www.pkgsa.pl\/index.php?rest_route=\/wp\/v2\/users\/1"}],"replies":[{"embeddable":true,"href":"https:\/\/www.pkgsa.pl\/index.php?rest_route=%2Fwp%2Fv2%2Fcomments&post=276"}],"version-history":[{"count":74,"href":"https:\/\/www.pkgsa.pl\/index.php?rest_route=\/wp\/v2\/pages\/276\/revisions"}],"predecessor-version":[{"id":1143,"href":"https:\/\/www.pkgsa.pl\/index.php?rest_route=\/wp\/v2\/pages\/276\/revisions\/1143"}],"wp:attachment":[{"href":"https:\/\/www.pkgsa.pl\/index.php?rest_route=%2Fwp%2Fv2%2Fmedia&parent=276"}],"curies":[{"name":"wp","href":"https:\/\/api.w.org\/{rel}","templated":true}]}}